{"id":11413,"date":"2025-07-11T14:31:21","date_gmt":"2025-07-11T14:31:21","guid":{"rendered":"https:\/\/homeramodular.com\/?page_id=11413"},"modified":"2025-07-14T10:58:50","modified_gmt":"2025-07-14T10:58:50","slug":"homera-kolektif","status":"publish","type":"page","link":"https:\/\/homeramodular.com\/en\/homera-kolektif\/","title":{"rendered":"Homera Kolektif"},"content":{"rendered":"<div data-elementor-type=\"wp-page\" data-elementor-id=\"11413\" class=\"elementor elementor-11413\" data-elementor-post-type=\"page\">\n\t\t\t\t<div class=\"elementor-element elementor-element-5803bfe e-flex e-con-boxed e-con e-parent\" data-id=\"5803bfe\" data-element_type=\"container\" data-settings=\"{&quot;background_background&quot;:&quot;classic&quot;,&quot;shape_divider_bottom&quot;:&quot;lqd-custom-shape-8&quot;}\">\n\t\t\t\t\t<div class=\"e-con-inner\">\n\t\t\t\t<div class=\"elementor-shape elementor-shape-bottom\" aria-hidden=\"true\" data-negative=\"false\">\n\t\t\t<svg class=\"lqd-custom-shape\" xmlns=\"http:\/\/www.w3.org\/2000\/svg\" viewbox=\"0 0 1440 100\" preserveaspectratio=\"none\">\n    <path class=\"elementor-shape-fill\" id=\"Row_Separator\" data-name=\"Row Separator\" d=\"M1440,0Q1080,99,720,99T0,0V100H1440Z\" \/>\n<\/svg>\t\t<\/div>\n\t\t\t\t<div class=\"elementor-element elementor-element-1f9d982 elementor-widget elementor-widget-hub_fancy_heading\" data-id=\"1f9d982\" data-element_type=\"widget\" data-widget_type=\"hub_fancy_heading.default\">\n\t\t\t\t<div class=\"elementor-widget-container\">\n\t\t\t\t\t\n\t\t<div id=\"ld-fancy-heading-69dedb079a2e5\" class=\"ld-fancy-heading pos-rel\">\n\t\t\t<h1 class=\"ld-fh-element d-inline-block pos-rel  elementor-heading-title lqd-highlight-classic lqd-highlight-grow-left h1\"  > Homera Kolektif<\/h1>\t\t<\/div>\n\n\t\t\t\t\t\t<\/div>\n\t\t\t\t<\/div>\n\t\t\t\t\t<\/div>\n\t\t\t\t<\/div>\n\t\t<div class=\"elementor-element elementor-element-5827203 e-flex e-con-boxed e-con e-parent\" data-id=\"5827203\" data-element_type=\"container\">\n\t\t\t\t\t<div class=\"e-con-inner\">\n\t\t<div class=\"elementor-element elementor-element-7e2f75c e-con-full e-flex e-con e-child\" data-id=\"7e2f75c\" data-element_type=\"container\">\n\t\t\t\t<div class=\"elementor-element elementor-element-3dfa193 elementor-widget elementor-widget-hub_fancy_heading\" data-id=\"3dfa193\" data-element_type=\"widget\" data-widget_type=\"hub_fancy_heading.default\">\n\t\t\t\t<div class=\"elementor-widget-container\">\n\t\t\t\t\t\n\t\t<div id=\"ld-fancy-heading-69dedb079a8a0\" class=\"ld-fancy-heading pos-rel\">\n\t\t\t<h2 class=\"ld-fh-element d-inline-block pos-rel  elementor-heading-title lqd-highlight-classic lqd-highlight-grow-left h2\"  data-inview=\"true\" data-transition-delay=\"true\" data-delay-options=\"{&quot;elements&quot;:&quot;.lqd-highlight-inner&quot;,&quot;delayType&quot;:&quot;transition&quot;}\" > <span class=\"lqd-adv-txt-item elementor-repeater-item-1949768\">Benzer hayalleri kuranlar\u0131 bir araya getiren <\/span><span class=\"lqd-adv-txt-item elementor-repeater-item-8f88898\">yeni nesil<\/span><span class=\"lqd-adv-txt-item elementor-repeater-item-672b479\"> ya\u015fam modeli<\/span><\/h2>\t\t<\/div>\n\n\t\t\t\t\t\t<\/div>\n\t\t\t\t<\/div>\n\t\t\t\t<div class=\"elementor-element elementor-element-e718db7 elementor-widget-tablet__width-inherit elementor-widget elementor-widget-hub_fancy_heading\" data-id=\"e718db7\" data-element_type=\"widget\" data-widget_type=\"hub_fancy_heading.default\">\n\t\t\t\t<div class=\"elementor-widget-container\">\n\t\t\t\t\t\n\t\t<div id=\"ld-fancy-heading-69dedb079adbc\" class=\"ld-fancy-heading pos-rel\">\n\t\t\t<p class=\"ld-fh-element d-inline-block pos-rel  lqd-highlight-classic lqd-highlight-grow-left p\"  > Hem arsa hem de ev \u00e7\u00f6z\u00fcm\u00fc ar\u0131yorsan\u0131z, do\u011fru yerdesiniz.<br>\nHomera Kolektif, ayn\u0131 ya\u015fam hayalini payla\u015fan bireyleri bir araya getirerek; belirlenen b\u00f6lgelerde ortak arsa \u00fczerinde, ba\u011f\u0131ms\u0131z Homera evleriyle yepyeni ya\u015fam alanlar\u0131 kurmay\u0131 ama\u00e7l\u0131yor.\n<\/p>\t\t<\/div>\n\n\t\t\t\t\t\t<\/div>\n\t\t\t\t<\/div>\n\t\t\t\t<div class=\"elementor-element elementor-element-0d562a2 elementor-widget-tablet__width-inherit elementor-widget elementor-widget-hub_fancy_heading\" data-id=\"0d562a2\" data-element_type=\"widget\" data-widget_type=\"hub_fancy_heading.default\">\n\t\t\t\t<div class=\"elementor-widget-container\">\n\t\t\t\t\t\n\t\t<div id=\"ld-fancy-heading-69dedb079b220\" class=\"ld-fancy-heading pos-rel\">\n\t\t\t<p class=\"ld-fh-element d-inline-block pos-rel  lqd-highlight-classic lqd-highlight-grow-left p\"  > \u00c7\u00fcnk\u00fc biliyoruz ki:\n<br><br>\nBirlikten kuvvet do\u011far.\nBirlikte hareket edenler, daha eri\u015filebilir, daha g\u00fc\u00e7l\u00fc ve daha s\u00fcrd\u00fcr\u00fclebilir \u00e7\u00f6z\u00fcmler yaratabilir.\n<br><br>\nHomera Kolektif, bireylerin tek ba\u015f\u0131na ula\u015fmakta zorland\u0131\u011f\u0131 bir hayali, birlikte m\u00fcmk\u00fcn k\u0131lmay\u0131 ama\u00e7lar.\n<br><br>\n<b> Burada ama\u00e7; <\/b>\n<br><br>\nArsa edinim maliyetini payla\u015fmak,\nS\u00fcreci \u015feffaf ve kolay hale getirmek,\nMod\u00fcler in\u015faat sisteminin h\u0131z ve kalite avantaj\u0131ndan birlikte yararlanmak.\n<br><br>\nHayalinizdeki ya\u015fam i\u00e7in ilk ad\u0131m\u0131 atmak isterseniz, a\u015fa\u011f\u0131daki formu doldurun.\nTalep yo\u011funlu\u011funa g\u00f6re, en \u00e7ok ilgi g\u00f6ren b\u00f6lgelerde s\u00fcreci ba\u015flatal\u0131m.\n<\/p>\t\t<\/div>\n\n\t\t\t\t\t\t<\/div>\n\t\t\t\t<\/div>\n\t\t\t\t<\/div>\n\t\t<div class=\"elementor-element elementor-element-dafefc3 e-con-full e-flex e-con e-child\" data-id=\"dafefc3\" data-element_type=\"container\">\n\t\t\t\t<div class=\"elementor-element elementor-element-bce3cf6 elementor-widget elementor-widget-image\" data-id=\"bce3cf6\" data-element_type=\"widget\" data-widget_type=\"image.default\">\n\t\t\t\t<div class=\"elementor-widget-container\">\n\t\t\t\t\t\t\t\t\t\t\t\t\t\t\t<img fetchpriority=\"high\" decoding=\"async\" width=\"683\" height=\"1024\" src=\"https:\/\/homeramodular.com\/wp-content\/uploads\/2025\/07\/ENY06629-Enhanced-NR.jpg\" class=\"attachment-large size-large wp-image-11415\" alt=\"\" srcset=\"https:\/\/homeramodular.com\/wp-content\/uploads\/2025\/07\/ENY06629-Enhanced-NR.jpg 683w, https:\/\/homeramodular.com\/wp-content\/uploads\/2025\/07\/ENY06629-Enhanced-NR-200x300.jpg 200w, https:\/\/homeramodular.com\/wp-content\/uploads\/2025\/07\/ENY06629-Enhanced-NR-8x12.jpg 8w\" sizes=\"(max-width: 683px) 100vw, 683px\" \/>\t\t\t\t\t\t\t\t\t\t\t\t\t\t\t<\/div>\n\t\t\t\t<\/div>\n\t\t\t\t<\/div>\n\t\t\t\t\t<\/div>\n\t\t\t\t<\/div>\n\t\t<div class=\"elementor-element elementor-element-d7b7788 e-con-full e-flex e-con e-parent\" data-id=\"d7b7788\" data-element_type=\"container\" data-settings=\"{&quot;background_background&quot;:&quot;classic&quot;}\">\n\t\t<div class=\"elementor-element elementor-element-a5f3d9d e-con-full elementor-hidden-mobile e-flex e-con e-child\" data-id=\"a5f3d9d\" data-element_type=\"container\" data-settings=\"{&quot;background_background&quot;:&quot;classic&quot;}\">\n\t\t\t\t<\/div>\n\t\t<div data-custom-animations=\"true\" data-ca-options=\"{&quot;addChildTimelines&quot;:false,&quot;trigger&quot;:&quot;firstChild&quot;,&quot;animationTarget&quot;:&quot;:scope  &gt; .elementor-element:not(.lqd-exclude-parent-ca) &gt; .elementor-widget-container, :scope  &gt; .elementor-widget-hub_fancy_heading .lqd-split-lines .lqd-lines .split-inner, :scope  &gt; .elementor-widget-hub_fancy_heading .lqd-split-words .lqd-words .split-inner, :scope  &gt; .elementor-widget-hub_fancy_heading .lqd-split-chars .lqd-chars .split-inner, :scope  &gt; .elementor-widget-hub_fancy_heading .lqd-adv-txt-fig, :scope  &gt; .elementor-widget-ld_custom_menu .lqd-fancy-menu &gt; ul &gt; li, :scope .e-con:not([data-parallax]) .elementor-element &gt; .elementor-widget-container, :scope .e-con:not([data-parallax]) .elementor-widget-hub_fancy_heading .lqd-split-lines .lqd-lines .split-inner, :scope .e-con:not([data-parallax]) .elementor-widget-hub_fancy_heading .lqd-split-words .lqd-words .split-inner, :scope .e-con:not([data-parallax]) .elementor-widget-hub_fancy_heading .lqd-split-chars .lqd-chars .split-inner, :scope .e-con:not([data-parallax]) .elementor-widget-ld_custom_menu .lqd-fancy-menu &gt; ul &gt; li&quot;,&quot;duration&quot;:800,&quot;delay&quot;:100,&quot;ease&quot;:[&quot;power4.out&quot;],&quot;initValues&quot;:{&quot;x&quot;:&quot;10px&quot;,&quot;y&quot;:&quot;40px&quot;,&quot;rotationY&quot;:10,&quot;opacity&quot;:0,&quot;transformOrigin&quot;:&quot;50% 50% 0px&quot;},&quot;animations&quot;:{&quot;x&quot;:&quot;0px&quot;,&quot;y&quot;:&quot;0px&quot;,&quot;rotationY&quot;:0,&quot;opacity&quot;:1,&quot;transformOrigin&quot;:&quot;50% 50% 0px&quot;}}\" class=\"elementor-element elementor-element-c619eb6 e-con-full e-flex e-con e-child\" data-id=\"c619eb6\" data-element_type=\"container\">\n\t\t\t\t<div class=\"elementor-element elementor-element-7bbc90d elementor-widget elementor-widget-hub_fancy_heading\" data-id=\"7bbc90d\" data-element_type=\"widget\" data-widget_type=\"hub_fancy_heading.default\">\n\t\t\t\t<div class=\"elementor-widget-container\">\n\t\t\t\t\t\n\t\t<div id=\"ld-fancy-heading-69dedb079b6a0\" class=\"ld-fancy-heading pos-rel\">\n\t\t\t<h2 class=\"ld-fh-element d-inline-block pos-rel  elementor-heading-title lqd-highlight-classic lqd-highlight-grow-left h2\"  > Let Us Call You<\/h2>\t\t<\/div>\n\n\t\t\t\t\t\t<\/div>\n\t\t\t\t<\/div>\n\t\t\t\t<div class=\"elementor-element elementor-element-5de879e elementor-widget elementor-widget-ld_cf722\" data-id=\"5de879e\" data-element_type=\"widget\" data-widget_type=\"ld_cf722.default\">\n\t\t\t\t<div class=\"elementor-widget-container\">\n\t\t\t\t\t\n\t<div class=\"lqd-contact-form lqd-contact-form-inputs-underlined\">\n\t\t\n<div class=\"wpcf7 no-js\" id=\"wpcf7-f11339-o1\" lang=\"tr-TR\" dir=\"ltr\" data-wpcf7-id=\"11339\">\n<div class=\"screen-reader-response\"><p role=\"status\" aria-live=\"polite\" aria-atomic=\"true\"><\/p> <ul><\/ul><\/div>\n<form action=\"\/en\/wp-json\/wp\/v2\/pages\/11413#wpcf7-f11339-o1\" method=\"post\" class=\"wpcf7-form init\" aria-label=\"\u0130leti\u015fim Formu\" novalidate=\"novalidate\" data-status=\"init\" data-trp-original-action=\"\/en\/wp-json\/wp\/v2\/pages\/11413#wpcf7-f11339-o1\">\n<div style=\"display: none;\">\n<input type=\"hidden\" name=\"_wpcf7\" value=\"11339\" \/>\n<input type=\"hidden\" name=\"_wpcf7_version\" value=\"6.0.6\" \/>\n<input type=\"hidden\" name=\"_wpcf7_locale\" value=\"tr_TR\" \/>\n<input type=\"hidden\" name=\"_wpcf7_unit_tag\" value=\"wpcf7-f11339-o1\" \/>\n<input type=\"hidden\" name=\"_wpcf7_container_post\" value=\"0\" \/>\n<input type=\"hidden\" name=\"_wpcf7_posted_data_hash\" value=\"\" \/>\n<input type=\"hidden\" name=\"_wpcf7_recaptcha_response\" value=\"\" \/>\n<\/div>\n<div class=\"row\" id=\"cf7-safe\">\n\t<div class=\"col-xs-12 col-sm-6\">\n\t\t<p><label> Size nas\u0131l hitap edelim? <\/label><span class=\"wpcf7-form-control-wrap\" data-name=\"text-590\"><input size=\"40\" maxlength=\"400\" class=\"wpcf7-form-control wpcf7-text\" aria-invalid=\"false\" placeholder=\"Name - Surname\" value=\"\" type=\"text\" name=\"text-590\" \/><\/span>\n\t\t<\/p>\n\t<\/div>\n\t<div class=\"col-xs-12 col-sm-6\">\n\t\t<p><label> \u0130leti\u015fim Numaran\u0131z <\/label><span class=\"wpcf7-form-control-wrap\" data-name=\"tel-426\"><input size=\"40\" maxlength=\"400\" class=\"wpcf7-form-control wpcf7-tel wpcf7-text wpcf7-validates-as-tel\" aria-invalid=\"false\" placeholder=\"0532 123 12 12\" value=\"\" type=\"tel\" name=\"tel-426\" \/><\/span>\n\t\t<\/p>\n\t<\/div>\n\t<div class=\"col-xs-12 col-sm-12\">\n\t\t<p><label> Homera Kolektif projesi sizin i\u00e7in nerede olmal\u0131? <\/label><br \/>\n<span class=\"wpcf7-form-control-wrap\" data-name=\"text-218\"><input size=\"40\" maxlength=\"400\" class=\"wpcf7-form-control wpcf7-text\" aria-invalid=\"false\" placeholder=\"\u0130l \/ \u0130l\u00e7e\" value=\"\" type=\"text\" name=\"text-218\" \/><\/span>\n\t\t<\/p>\n\t<\/div>\n\t<div class=\"col-xs-12 col-sm-12\">\n\t\t<p><label> Hangi ev tipini tercih edersiniz? <\/label><br \/>\n<span class=\"wpcf7-form-control-wrap\" data-name=\"text-219\"><input size=\"40\" maxlength=\"400\" class=\"wpcf7-form-control wpcf7-text\" aria-invalid=\"false\" placeholder=\"(1+1, 2+1, 3+1, 4+1 ve fazlas\u0131)\" value=\"\" type=\"text\" name=\"text-219\" \/><\/span>\n\t\t<\/p>\n\t<\/div>\n\t<div class=\"col-xs-12 col-sm-12\">\n\t\t<p><label> Ne zaman dahil olmay\u0131 d\u00fc\u015f\u00fcn\u00fcrs\u00fcn\u00fcz? <\/label><br \/>\n<span class=\"wpcf7-form-control-wrap\" data-name=\"radio-401\"><span class=\"wpcf7-form-control wpcf7-radio\"><span class=\"wpcf7-list-item first\"><label><input type=\"radio\" name=\"radio-401\" value=\"Hemen\" \/><span class=\"wpcf7-list-item-label\">Hemen<\/span><\/label><\/span><span class=\"wpcf7-list-item\"><label><input type=\"radio\" name=\"radio-401\" value=\"3-6 ay i\u00e7inde\" \/><span class=\"wpcf7-list-item-label\">3-6 ay i\u00e7inde<\/span><\/label><\/span><span class=\"wpcf7-list-item last\"><label><input type=\"radio\" name=\"radio-401\" value=\"1 y\u0131l sonra\" \/><span class=\"wpcf7-list-item-label\">1 y\u0131l sonra<\/span><\/label><\/span><\/span><\/span>\n\t\t<\/p>\n\t<\/div>\n\t<div class=\"col-xs-12\">\n\t\t<p><small> To the Information Text on the Processing of Personal Data <a href=\"\/en\/kvkk-explicit-consent-text\/\" target=\"_blank\"\nstyle=\"color:#eb6009;\"> from here <\/a> You can reach us.Your personal data, <a href=\"\/en\/kvkk-explicit-consent-text\/\" target=\"_blank\" style=\"color:#eb6009;\"> Explicit Consent Text Regarding the Processing of Personal Data<\/a>Do you consent to our processing within the scope specified in ?<\/small>\n\t\t<\/p>\n\t\t<div style=\"margin-top:5px;\">\n\t\t\t<p><span class=\"wpcf7-form-control-wrap\" data-name=\"kisisel-verilerin-islenmesi\"><span class=\"wpcf7-form-control wpcf7-radio\"><span class=\"wpcf7-list-item first\"><label><input type=\"radio\" name=\"kisisel-verilerin-islenmesi\" value=\"Onayl\u0131yorum\" \/><span class=\"wpcf7-list-item-label\">I approve<\/span><\/label><\/span><span class=\"wpcf7-list-item last\"><label><input type=\"radio\" name=\"kisisel-verilerin-islenmesi\" value=\"Onaylam\u0131yorum\" \/><span class=\"wpcf7-list-item-label\">I do not approve<\/span><\/label><\/span><\/span><\/span>\n\t\t\t<\/p>\n\t\t<\/div>\n\t<\/div>\n\t<div class=\"col-xs-12\">\n\t\t<p><small> To the Information Text on Sending Commercial Electronic Messages <a href=\"\/en\/commercial-message-information-text\/\" target=\"_blank\" style=\"color:#eb6009;\">from here <\/a> You can reach us. To be informed about promotions, campaigns, special discounts and new information, commercial messages <u>(E-Mail, Call, SMS)<\/u> Would you like to receive it?<\/small>\n\t\t<\/p>\n\t\t<div style=\"margin-top:5px;\">\n\t\t\t<p><span class=\"wpcf7-form-control-wrap\" data-name=\"ticari-elektronik-ileti-gonderimi\"><span class=\"wpcf7-form-control wpcf7-radio\"><span class=\"wpcf7-list-item first\"><label><input type=\"radio\" name=\"ticari-elektronik-ileti-gonderimi\" value=\"Evet\" \/><span class=\"wpcf7-list-item-label\">Yes<\/span><\/label><\/span><span class=\"wpcf7-list-item last\"><label><input type=\"radio\" name=\"ticari-elektronik-ileti-gonderimi\" value=\"Hay\u0131r\" \/><span class=\"wpcf7-list-item-label\">No<\/span><\/label><\/span><\/span><\/span>\n\t\t\t<\/p>\n\t\t<\/div>\n\t<\/div>\n\t<p><input class=\"wpcf7-form-control wpcf7-submit has-spinner\" type=\"submit\" value=\"Send\" \/>\n\t<\/p>\n<\/div>\n<style>\n\/* Mevcut stillerin birebir korunmas\u0131 *\/\n.wpcf7-radio { display: inline-flex; }\n.wpcf7-list-item-label { margin-right:20px; font-size: 14px; }\n.wpcf7-radio .wpcf7-list-item .wpcf7-list-item-label { padding-inline-start: 30px!important; }\n.wpcf7-radio .wpcf7-list-item .wpcf7-list-item-label:before {\n top: calc(64% - 10px)!important; width: 15px!important; height: 15px!important;\n}\n.wpcf7-radio .wpcf7-list-item .wpcf7-list-item-label:after {\n width: 12px!important; height: 12px!important; left: 2px!important;\n}\n\n\/* --- TIKLANMAMA SORUNUNA DAR KAPSAMLI YAMA --- *\/\n#cf7-safe { position: relative; z-index: 20; }\n#cf7-safe *, #cf7-safe *::before, #cf7-safe *::after { pointer-events: auto; }\n\n\/* Formun \u00fcst\u00fcne binmi\u015f olabilecek overlay \/ stretched link \/ background overlay katmanlar\u0131n\u0131 bu b\u00f6l\u00fcmde etkisizle\u015ftir *\/\n#cf7-safe .elementor-background-overlay,\n#cf7-safe [class*=\"overlay\"],\n#cf7-safe a.elementor-clickable,\n#cf7-safe a.stretched-link { pointer-events: none !important; }\n\n\/* Form kontrol elemanlar\u0131n\u0131 \u00f6ne al *\/\n#cf7-safe input,\n#cf7-safe select,\n#cf7-safe textarea,\n#cf7-safe label { position: relative; z-index: 21; }\n<\/style><div class=\"wpcf7-response-output\" aria-hidden=\"true\"><\/div>\n<input type=\"hidden\" name=\"trp-form-language\" value=\"en\"\/><\/form>\n<\/div>\n\t<\/div>\n\n\t\t\t\t\t<\/div>\n\t\t\t\t<\/div>\n\t\t\t\t<\/div>\n\t\t\t\t<\/div>\n\t\t\t\t<\/div>","protected":false},"excerpt":{"rendered":"<p>Homera Kolektif Benzer hayalleri kuranlar\u0131 bir araya getiren yeni nesil ya\u015fam modeli Hem arsa hem de ev \u00e7\u00f6z\u00fcm\u00fc ar\u0131yorsan\u0131z, do\u011fru yerdesiniz. Homera Kolektif, ayn\u0131 ya\u015fam hayalini payla\u015fan bireyleri bir araya getirerek; belirlenen b\u00f6lgelerde ortak arsa \u00fczerinde, ba\u011f\u0131ms\u0131z Homera evleriyle yepyeni ya\u015fam alanlar\u0131 kurmay\u0131 ama\u00e7l\u0131yor. \u00c7\u00fcnk\u00fc biliyoruz ki: Birlikten kuvvet do\u011far. Birlikte hareket edenler, daha eri\u015filebilir, [&hellip;]<\/p>","protected":false},"author":1,"featured_media":0,"parent":0,"menu_order":0,"comment_status":"closed","ping_status":"closed","template":"","meta":{"footnotes":""},"class_list":["post-11413","page","type-page","status-publish","hentry"],"_links":{"self":[{"href":"https:\/\/homeramodular.com\/en\/wp-json\/wp\/v2\/pages\/11413","targetHints":{"allow":["GET"]}}],"collection":[{"href":"https:\/\/homeramodular.com\/en\/wp-json\/wp\/v2\/pages"}],"about":[{"href":"https:\/\/homeramodular.com\/en\/wp-json\/wp\/v2\/types\/page"}],"author":[{"embeddable":true,"href":"https:\/\/homeramodular.com\/en\/wp-json\/wp\/v2\/users\/1"}],"replies":[{"embeddable":true,"href":"https:\/\/homeramodular.com\/en\/wp-json\/wp\/v2\/comments?post=11413"}],"version-history":[{"count":10,"href":"https:\/\/homeramodular.com\/en\/wp-json\/wp\/v2\/pages\/11413\/revisions"}],"predecessor-version":[{"id":11639,"href":"https:\/\/homeramodular.com\/en\/wp-json\/wp\/v2\/pages\/11413\/revisions\/11639"}],"wp:attachment":[{"href":"https:\/\/homeramodular.com\/en\/wp-json\/wp\/v2\/media?parent=11413"}],"curies":[{"name":"wp","href":"https:\/\/api.w.org\/{rel}","templated":true}]}}