{"id":8399,"date":"2025-04-22T12:59:08","date_gmt":"2025-04-22T12:59:08","guid":{"rendered":"https:\/\/homeramodular.com\/?page_id=8399"},"modified":"2025-05-23T07:53:26","modified_gmt":"2025-05-23T07:53:26","slug":"our-services","status":"publish","type":"page","link":"https:\/\/homeramodular.com\/en\/our-services\/","title":{"rendered":"Services"},"content":{"rendered":"<div data-elementor-type=\"wp-page\" data-elementor-id=\"8399\" class=\"elementor elementor-8399\" data-elementor-post-type=\"page\">\n\t\t\t\t<div class=\"elementor-element elementor-element-c73e1d7 e-flex e-con-boxed e-con e-parent\" data-id=\"c73e1d7\" data-element_type=\"container\" data-settings=\"{&quot;background_background&quot;:&quot;classic&quot;,&quot;shape_divider_bottom&quot;:&quot;lqd-custom-shape-8&quot;}\">\n\t\t\t\t\t<div class=\"e-con-inner\">\n\t\t\t\t<div class=\"elementor-shape elementor-shape-bottom\" aria-hidden=\"true\" data-negative=\"false\">\n\t\t\t<svg class=\"lqd-custom-shape\" xmlns=\"http:\/\/www.w3.org\/2000\/svg\" viewbox=\"0 0 1440 100\" preserveaspectratio=\"none\">\n    <path class=\"elementor-shape-fill\" id=\"Row_Separator\" data-name=\"Row Separator\" d=\"M1440,0Q1080,99,720,99T0,0V100H1440Z\" \/>\n<\/svg>\t\t<\/div>\n\t\t\t\t<div class=\"elementor-element elementor-element-e314185 elementor-widget elementor-widget-hub_fancy_heading\" data-id=\"e314185\" data-element_type=\"widget\" data-widget_type=\"hub_fancy_heading.default\">\n\t\t\t\t<div class=\"elementor-widget-container\">\n\t\t\t\t\t\n\t\t<div id=\"ld-fancy-heading-69ded97ad7430\" class=\"ld-fancy-heading pos-rel\">\n\t\t\t<h1 class=\"ld-fh-element d-inline-block pos-rel  elementor-heading-title lqd-highlight-classic lqd-highlight-grow-left h1\"  > Our Services<\/h1>\t\t<\/div>\n\n\t\t\t\t\t\t<\/div>\n\t\t\t\t<\/div>\n\t\t\t\t\t<\/div>\n\t\t\t\t<\/div>\n\t\t<div class=\"elementor-element elementor-element-355011ca e-flex e-con-boxed e-con e-parent\" data-id=\"355011ca\" data-element_type=\"container\" data-settings=\"{&quot;background_background&quot;:&quot;classic&quot;}\">\n\t\t\t\t\t<div class=\"e-con-inner\">\n\t\t<div class=\"elementor-element elementor-element-4060b09a e-con-full e-flex e-con e-child\" data-id=\"4060b09a\" data-element_type=\"container\">\n\t\t\t\t<div class=\"elementor-element elementor-element-3db8c22a elementor-widget elementor-widget-ld_fancy_image\" data-id=\"3db8c22a\" data-element_type=\"widget\" data-widget_type=\"ld_fancy_image.default\">\n\t\t\t\t<div class=\"elementor-widget-container\">\n\t\t\t\t\t\n\t\t<div class=\"lqd-imggrp-single d-block pos-rel perspective\" data-shadow-style=\"1\" data-inview=\"true\" data-animate-shadow=\"true\" data-hover3d=\"true\">\n\t\t\t<div class=\"lqd-imggrp-img-container d-inline-flex pos-rel align-items-center justify-content-center transform-style-3d\">\n\t\t\t\t\t\t\t\t<figure class=\"w-100 pos-rel\" data-stacking-factor=\"1\">\n\t\t\t\t\t<img fetchpriority=\"high\" decoding=\"async\" width=\"1000\" height=\"667\" src=\"https:\/\/homeramodular.com\/wp-content\/uploads\/2025\/04\/IMG_1447.jpg\" class=\"attachment-full size-full wp-image-7764\" alt=\"Kairos Hotel\" srcset=\"https:\/\/homeramodular.com\/wp-content\/uploads\/2025\/04\/IMG_1447.jpg 1000w, https:\/\/homeramodular.com\/wp-content\/uploads\/2025\/04\/IMG_1447-300x200.jpg 300w, https:\/\/homeramodular.com\/wp-content\/uploads\/2025\/04\/IMG_1447-720x480.jpg 720w, https:\/\/homeramodular.com\/wp-content\/uploads\/2025\/04\/IMG_1447-18x12.jpg 18w\" sizes=\"(max-width: 1000px) 100vw, 1000px\" \/>\t\t\t\t\t\t\t\t\t\t\t\t\t\t\t\t\t\t\t\t\t\t\t\t\t\t\t\t\t<\/figure>\n\t\t\t<\/div>\n\t\t<\/div>\n\n\t\t\t\t\t<\/div>\n\t\t\t\t<\/div>\n\t\t\t\t<div class=\"elementor-element elementor-element-4998b51f elementor-widget__width-initial elementor-widget elementor-widget-hub_fancy_heading\" data-id=\"4998b51f\" data-element_type=\"widget\" data-widget_type=\"hub_fancy_heading.default\">\n\t\t\t\t<div class=\"elementor-widget-container\">\n\t\t\t\t\t\n\t\t<div id=\"ld-fancy-heading-69ded97ad8b4a\" class=\"ld-fancy-heading pos-rel\">\n\t\t\t<h4 class=\"ld-fh-element d-inline-block pos-rel  elementor-heading-title lqd-highlight-classic lqd-highlight-grow-left h4\"  > Design &amp; Engineering<\/h4>\t\t<\/div>\n\n\t\t\t\t\t\t<\/div>\n\t\t\t\t<\/div>\n\t\t\t\t<div class=\"elementor-element elementor-element-b766060 elementor-widget elementor-widget-text-editor\" data-id=\"b766060\" data-element_type=\"widget\" data-widget_type=\"text-editor.default\">\n\t\t\t\t<div class=\"elementor-widget-container\">\n\t\t\t\t\t\t\t\t\t<p>We design your dream living space together. At Homera, each modular home is shaped according to your needs, style and expectations. Architectural aesthetics, functionality and engineering expertise are brought together during the planning phase. Each project begins with a comprehensive design process that combines architectural aesthetics and engineering principles in line with the customer&#039;s specific needs and expectations. Structural durability, energy efficiency and user comfort are considered and planned in a digital environment and designed specifically for you.<br \/><br \/><\/p>\t\t\t\t\t\t\t\t<\/div>\n\t\t\t\t<\/div>\n\t\t\t\t<\/div>\n\t\t<div class=\"elementor-element elementor-element-3755fe72 e-con-full e-flex e-con e-child\" data-id=\"3755fe72\" data-element_type=\"container\">\n\t\t\t\t<div class=\"elementor-element elementor-element-446052b5 elementor-widget elementor-widget-ld_fancy_image\" data-id=\"446052b5\" data-element_type=\"widget\" data-widget_type=\"ld_fancy_image.default\">\n\t\t\t\t<div class=\"elementor-widget-container\">\n\t\t\t\t\t\n\t\t<div class=\"lqd-imggrp-single d-block pos-rel perspective\" data-shadow-style=\"1\" data-inview=\"true\" data-inview-options=\"{&quot;delayTime&quot;:250}\" data-animate-shadow=\"true\" data-hover3d=\"true\">\n\t\t\t<div class=\"lqd-imggrp-img-container d-inline-flex pos-rel align-items-center justify-content-center transform-style-3d\">\n\t\t\t\t\t\t\t\t<figure class=\"w-100 pos-rel\" data-stacking-factor=\"1\">\n\t\t\t\t\t<img decoding=\"async\" width=\"1920\" height=\"1080\" src=\"https:\/\/homeramodular.com\/wp-content\/uploads\/2025\/04\/Homera_Uretim_Hacim-copy.webp\" class=\"attachment-full size-full wp-image-8374\" alt=\"Homera Production Volume\" srcset=\"https:\/\/homeramodular.com\/wp-content\/uploads\/2025\/04\/Homera_Uretim_Hacim-copy.webp 1920w, https:\/\/homeramodular.com\/wp-content\/uploads\/2025\/04\/Homera_Uretim_Hacim-copy-300x169.webp 300w, https:\/\/homeramodular.com\/wp-content\/uploads\/2025\/04\/Homera_Uretim_Hacim-copy-1024x576.webp 1024w, https:\/\/homeramodular.com\/wp-content\/uploads\/2025\/04\/Homera_Uretim_Hacim-copy-1536x864.webp 1536w, https:\/\/homeramodular.com\/wp-content\/uploads\/2025\/04\/Homera_Uretim_Hacim-copy-18x10.webp 18w\" sizes=\"(max-width: 1920px) 100vw, 1920px\" \/>\t\t\t\t\t\t\t\t\t\t\t\t\t\t\t\t\t\t\t\t\t\t\t\t\t\t\t\t\t<\/figure>\n\t\t\t<\/div>\n\t\t<\/div>\n\n\t\t\t\t\t<\/div>\n\t\t\t\t<\/div>\n\t\t\t\t<div class=\"elementor-element elementor-element-4f5d0ac7 elementor-widget__width-initial elementor-widget elementor-widget-hub_fancy_heading\" data-id=\"4f5d0ac7\" data-element_type=\"widget\" data-widget_type=\"hub_fancy_heading.default\">\n\t\t\t\t<div class=\"elementor-widget-container\">\n\t\t\t\t\t\n\t\t<div id=\"ld-fancy-heading-69ded97ad9987\" class=\"ld-fancy-heading pos-rel\">\n\t\t\t<h4 class=\"ld-fh-element d-inline-block pos-rel  elementor-heading-title lqd-highlight-classic lqd-highlight-grow-left h4\"  > Production<\/h4>\t\t<\/div>\n\n\t\t\t\t\t\t<\/div>\n\t\t\t\t<\/div>\n\t\t\t\t<div class=\"elementor-element elementor-element-794b4df elementor-widget elementor-widget-text-editor\" data-id=\"794b4df\" data-element_type=\"widget\" data-widget_type=\"text-editor.default\">\n\t\t\t\t<div class=\"elementor-widget-container\">\n\t\t\t\t\t\t\t\t\t<p>Your home is manufactured in a fully controlled factory environment, independent of climate conditions. All equipment, including electrical, mechanical and plumbing systems, are fully integrated. This process eliminates the difficult and time-consuming labor processes in traditional construction; you do not need to deal with labor supply, coordination and delays that may occur on site. Homera offers high quality standards quickly and reliably, without any labor risk.<br \/><br \/><\/p>\t\t\t\t\t\t\t\t<\/div>\n\t\t\t\t<\/div>\n\t\t\t\t<\/div>\n\t\t<div class=\"elementor-element elementor-element-9947eb6 e-con-full e-flex e-con e-child\" data-id=\"9947eb6\" data-element_type=\"container\">\n\t\t\t\t<div class=\"elementor-element elementor-element-561ac80 elementor-widget elementor-widget-ld_fancy_image\" data-id=\"561ac80\" data-element_type=\"widget\" data-widget_type=\"ld_fancy_image.default\">\n\t\t\t\t<div class=\"elementor-widget-container\">\n\t\t\t\t\t\n\t\t<div class=\"lqd-imggrp-single d-block pos-rel perspective\" data-shadow-style=\"1\" data-inview=\"true\" data-animate-shadow=\"true\" data-hover3d=\"true\">\n\t\t\t<div class=\"lqd-imggrp-img-container d-inline-flex pos-rel align-items-center justify-content-center transform-style-3d\">\n\t\t\t\t\t\t\t\t<figure class=\"w-100 pos-rel\" data-stacking-factor=\"1\">\n\t\t\t\t\t<img decoding=\"async\" width=\"1000\" height=\"563\" src=\"https:\/\/homeramodular.com\/wp-content\/uploads\/2025\/04\/Kairos_Homera_13.jpg\" class=\"attachment-full size-full wp-image-7777\" alt=\"Kairos Hotel\" srcset=\"https:\/\/homeramodular.com\/wp-content\/uploads\/2025\/04\/Kairos_Homera_13.jpg 1000w, https:\/\/homeramodular.com\/wp-content\/uploads\/2025\/04\/Kairos_Homera_13-300x169.jpg 300w, https:\/\/homeramodular.com\/wp-content\/uploads\/2025\/04\/Kairos_Homera_13-18x10.jpg 18w\" sizes=\"(max-width: 1000px) 100vw, 1000px\" \/>\t\t\t\t\t\t\t\t\t\t\t\t\t\t\t\t\t\t\t\t\t\t\t\t\t\t\t\t\t<\/figure>\n\t\t\t<\/div>\n\t\t<\/div>\n\n\t\t\t\t\t<\/div>\n\t\t\t\t<\/div>\n\t\t\t\t<div class=\"elementor-element elementor-element-5498962f elementor-widget__width-initial elementor-widget elementor-widget-hub_fancy_heading\" data-id=\"5498962f\" data-element_type=\"widget\" data-widget_type=\"hub_fancy_heading.default\">\n\t\t\t\t<div class=\"elementor-widget-container\">\n\t\t\t\t\t\n\t\t<div id=\"ld-fancy-heading-69ded97ada477\" class=\"ld-fancy-heading pos-rel\">\n\t\t\t<h4 class=\"ld-fh-element d-inline-block pos-rel  elementor-heading-title lqd-highlight-classic lqd-highlight-grow-left h4\"  > Installation &amp; Assembly<\/h4>\t\t<\/div>\n\n\t\t\t\t\t\t<\/div>\n\t\t\t\t<\/div>\n\t\t\t\t<div class=\"elementor-element elementor-element-b709f5e elementor-widget elementor-widget-text-editor\" data-id=\"b709f5e\" data-element_type=\"widget\" data-widget_type=\"text-editor.default\">\n\t\t\t\t<div class=\"elementor-widget-container\">\n\t\t\t\t\t\t\t\t\t<p>Ready modules are transported to the field, assembled in a short time and made ready for use. The entire assembly process from ground preparation to final control is carried out in accordance with the planned timetable. It is integrated into the ground with patented suitable systems suitable for different foundation systems and grounds of different difficulty. Installation in difficult terrain conditions provides advantages in many ways.<\/p>\t\t\t\t\t\t\t\t<\/div>\n\t\t\t\t<\/div>\n\t\t\t\t<\/div>\n\t\t<div class=\"elementor-element elementor-element-d9622c e-con-full e-flex e-con e-child\" data-id=\"d9622c\" data-element_type=\"container\">\n\t\t\t\t<div class=\"elementor-element elementor-element-3f24f4a8 elementor-widget elementor-widget-ld_fancy_image\" data-id=\"3f24f4a8\" data-element_type=\"widget\" data-widget_type=\"ld_fancy_image.default\">\n\t\t\t\t<div class=\"elementor-widget-container\">\n\t\t\t\t\t\n\t\t<div class=\"lqd-imggrp-single d-block pos-rel perspective\" data-shadow-style=\"1\" data-inview=\"true\" data-inview-options=\"{&quot;delayTime&quot;:250}\" data-animate-shadow=\"true\" data-hover3d=\"true\">\n\t\t\t<div class=\"lqd-imggrp-img-container d-inline-flex pos-rel align-items-center justify-content-center transform-style-3d\">\n\t\t\t\t\t\t\t\t<figure class=\"w-100 pos-rel\" data-stacking-factor=\"1\">\n\t\t\t\t\t<img loading=\"lazy\" decoding=\"async\" width=\"1000\" height=\"749\" src=\"https:\/\/homeramodular.com\/wp-content\/uploads\/2025\/04\/Kairos_Homera_7.jpg\" class=\"attachment-full size-full wp-image-7769\" alt=\"Kairos Hotel\" srcset=\"https:\/\/homeramodular.com\/wp-content\/uploads\/2025\/04\/Kairos_Homera_7.jpg 1000w, https:\/\/homeramodular.com\/wp-content\/uploads\/2025\/04\/Kairos_Homera_7-300x225.jpg 300w, https:\/\/homeramodular.com\/wp-content\/uploads\/2025\/04\/Kairos_Homera_7-16x12.jpg 16w\" sizes=\"(max-width: 1000px) 100vw, 1000px\" \/>\t\t\t\t\t\t\t\t\t\t\t\t\t\t\t\t\t\t\t\t\t\t\t\t\t\t\t\t\t<\/figure>\n\t\t\t<\/div>\n\t\t<\/div>\n\n\t\t\t\t\t<\/div>\n\t\t\t\t<\/div>\n\t\t\t\t<div class=\"elementor-element elementor-element-b43830d elementor-widget__width-initial elementor-widget elementor-widget-hub_fancy_heading\" data-id=\"b43830d\" data-element_type=\"widget\" data-widget_type=\"hub_fancy_heading.default\">\n\t\t\t\t<div class=\"elementor-widget-container\">\n\t\t\t\t\t\n\t\t<div id=\"ld-fancy-heading-69ded97adaeff\" class=\"ld-fancy-heading pos-rel\">\n\t\t\t<h4 class=\"ld-fh-element d-inline-block pos-rel  elementor-heading-title lqd-highlight-classic lqd-highlight-grow-left h4\"  > Supervision &amp; Audit<\/h4>\t\t<\/div>\n\n\t\t\t\t\t\t<\/div>\n\t\t\t\t<\/div>\n\t\t\t\t<div class=\"elementor-element elementor-element-0304648 elementor-widget elementor-widget-text-editor\" data-id=\"0304648\" data-element_type=\"widget\" data-widget_type=\"text-editor.default\">\n\t\t\t\t<div class=\"elementor-widget-container\">\n\t\t\t\t\t\t\t\t\t<p>Homera provides technical supervision services to ensure that the assembly process is implemented correctly and completely on site. Our experienced teams guide the project team and provide the necessary controls throughout the process from the transportation of the modules to the site, to the placement and completion of all connections.<\/p>\t\t\t\t\t\t\t\t<\/div>\n\t\t\t\t<\/div>\n\t\t\t\t<\/div>\n\t\t<div class=\"elementor-element elementor-element-5c44b8a5 e-con-full e-flex e-con e-child\" data-id=\"5c44b8a5\" data-element_type=\"container\">\n\t\t\t\t<div class=\"elementor-element elementor-element-569dc593 elementor-widget elementor-widget-hub_fancy_heading\" data-id=\"569dc593\" data-element_type=\"widget\" data-widget_type=\"hub_fancy_heading.default\">\n\t\t\t\t<div class=\"elementor-widget-container\">\n\t\t\t\t\t\n\t\t<div id=\"ld-fancy-heading-69ded97adb46e\" class=\"ld-fancy-heading pos-rel\">\n\t\t\t<p class=\"ld-fh-element d-inline-block pos-rel  lqd-highlight-classic lqd-highlight-grow-left p\"  > Contact us about services <a href=\"\/en\/contact\/\" style=\"color: #eb600a\"><u>you can reach.<\/u><\/a>\n\n\n\n<\/p>\t\t<\/div>\n\n\t\t\t\t\t\t<\/div>\n\t\t\t\t<\/div>\n\t\t\t\t<\/div>\n\t\t\t\t\t<\/div>\n\t\t\t\t<\/div>\n\t\t\t\t<\/div>","protected":false},"excerpt":{"rendered":"<p>Hizmetlerimiz Tasar\u0131m &amp; M\u00fchendislik Hayalinizdeki ya\u015fam alan\u0131n\u0131 birlikte tasarl\u0131yoruz. Homera\u2019da her mod\u00fcler ev, sizin ihtiya\u00e7lar\u0131n\u0131za, tarz\u0131n\u0131za ve beklentilerinize g\u00f6re \u015fekillenir. Planlama a\u015famas\u0131nda mimari estetik, i\u015flevsellik ve m\u00fchendislik uzmanl\u0131\u011f\u0131 bir araya getirilir. Her proje, m\u00fc\u015fteriye \u00f6zel ihtiya\u00e7 ve beklentiler do\u011frultusunda, mimari estetik ile m\u00fchendislik prensiplerini birle\u015ftiren kapsaml\u0131 bir tasar\u0131m s\u00fcreciyle ba\u015flar. Yap\u0131sal dayan\u0131kl\u0131l\u0131k, enerji verimlili\u011fi ve [&hellip;]<\/p>","protected":false},"author":1,"featured_media":0,"parent":0,"menu_order":0,"comment_status":"closed","ping_status":"closed","template":"","meta":{"footnotes":""},"class_list":["post-8399","page","type-page","status-publish","hentry"],"_links":{"self":[{"href":"https:\/\/homeramodular.com\/en\/wp-json\/wp\/v2\/pages\/8399","targetHints":{"allow":["GET"]}}],"collection":[{"href":"https:\/\/homeramodular.com\/en\/wp-json\/wp\/v2\/pages"}],"about":[{"href":"https:\/\/homeramodular.com\/en\/wp-json\/wp\/v2\/types\/page"}],"author":[{"embeddable":true,"href":"https:\/\/homeramodular.com\/en\/wp-json\/wp\/v2\/users\/1"}],"replies":[{"embeddable":true,"href":"https:\/\/homeramodular.com\/en\/wp-json\/wp\/v2\/comments?post=8399"}],"version-history":[{"count":16,"href":"https:\/\/homeramodular.com\/en\/wp-json\/wp\/v2\/pages\/8399\/revisions"}],"predecessor-version":[{"id":10320,"href":"https:\/\/homeramodular.com\/en\/wp-json\/wp\/v2\/pages\/8399\/revisions\/10320"}],"wp:attachment":[{"href":"https:\/\/homeramodular.com\/en\/wp-json\/wp\/v2\/media?parent=8399"}],"curies":[{"name":"wp","href":"https:\/\/api.w.org\/{rel}","templated":true}]}}