{"id":8537,"date":"2025-04-24T10:48:36","date_gmt":"2025-04-24T10:48:36","guid":{"rendered":"https:\/\/homeramodular.com\/?page_id=8537"},"modified":"2025-07-14T11:25:15","modified_gmt":"2025-07-14T11:25:15","slug":"projects","status":"publish","type":"page","link":"https:\/\/homeramodular.com\/en\/projects\/","title":{"rendered":"Projects"},"content":{"rendered":"<div data-elementor-type=\"wp-page\" data-elementor-id=\"8537\" class=\"elementor elementor-8537\" data-elementor-post-type=\"page\">\n\t\t\t\t<div class=\"elementor-element elementor-element-5803bfe e-flex e-con-boxed e-con e-parent\" data-id=\"5803bfe\" data-element_type=\"container\" data-settings=\"{&quot;background_background&quot;:&quot;classic&quot;,&quot;shape_divider_bottom&quot;:&quot;lqd-custom-shape-8&quot;}\">\n\t\t\t\t\t<div class=\"e-con-inner\">\n\t\t\t\t<div class=\"elementor-shape elementor-shape-bottom\" aria-hidden=\"true\" data-negative=\"false\">\n\t\t\t<svg class=\"lqd-custom-shape\" xmlns=\"http:\/\/www.w3.org\/2000\/svg\" viewbox=\"0 0 1440 100\" preserveaspectratio=\"none\">\n    <path class=\"elementor-shape-fill\" id=\"Row_Separator\" data-name=\"Row Separator\" d=\"M1440,0Q1080,99,720,99T0,0V100H1440Z\" \/>\n<\/svg>\t\t<\/div>\n\t\t\t\t<div class=\"elementor-element elementor-element-1f9d982 elementor-widget elementor-widget-hub_fancy_heading\" data-id=\"1f9d982\" data-element_type=\"widget\" data-widget_type=\"hub_fancy_heading.default\">\n\t\t\t\t<div class=\"elementor-widget-container\">\n\t\t\t\t\t\n\t\t<div id=\"ld-fancy-heading-69da19ad6859d\" class=\"ld-fancy-heading pos-rel\">\n\t\t\t<h1 class=\"ld-fh-element d-inline-block pos-rel  elementor-heading-title lqd-highlight-classic lqd-highlight-grow-left h1\"  > Projects<\/h1>\t\t<\/div>\n\n\t\t\t\t\t\t<\/div>\n\t\t\t\t<\/div>\n\t\t\t\t\t<\/div>\n\t\t\t\t<\/div>\n\t\t<div data-custom-animations=\"true\" data-ca-options=\"{&quot;addChildTimelines&quot;:false,&quot;trigger&quot;:&quot;firstChild&quot;,&quot;animationTarget&quot;:&quot;:scope .e-con-inner &gt; .elementor-element:not(.lqd-exclude-parent-ca) &gt; .elementor-widget-container, :scope .e-con-inner &gt; .elementor-widget-hub_fancy_heading .lqd-split-lines .lqd-lines .split-inner, :scope .e-con-inner &gt; .elementor-widget-hub_fancy_heading .lqd-split-words .lqd-words .split-inner, :scope .e-con-inner &gt; .elementor-widget-hub_fancy_heading .lqd-split-chars .lqd-chars .split-inner, :scope .e-con-inner &gt; .elementor-widget-hub_fancy_heading .lqd-adv-txt-fig, :scope .e-con-inner &gt; .elementor-widget-ld_custom_menu .lqd-fancy-menu &gt; ul &gt; li, :scope .e-con:not([data-parallax]) .elementor-element &gt; .elementor-widget-container, :scope .e-con:not([data-parallax]) .elementor-widget-hub_fancy_heading .lqd-split-lines .lqd-lines .split-inner, :scope .e-con:not([data-parallax]) .elementor-widget-hub_fancy_heading .lqd-split-words .lqd-words .split-inner, :scope .e-con:not([data-parallax]) .elementor-widget-hub_fancy_heading .lqd-split-chars .lqd-chars .split-inner, :scope .e-con:not([data-parallax]) .elementor-widget-ld_custom_menu .lqd-fancy-menu &gt; ul &gt; li&quot;,&quot;duration&quot;:750,&quot;startDelay&quot;:250,&quot;delay&quot;:55,&quot;ease&quot;:&quot;expo.out&quot;,&quot;initValues&quot;:{&quot;y&quot;:&quot;100px&quot;,&quot;opacity&quot;:0,&quot;transformOrigin&quot;:&quot;50% 50% 0px&quot;},&quot;animations&quot;:{&quot;y&quot;:&quot;0px&quot;,&quot;opacity&quot;:1,&quot;transformOrigin&quot;:&quot;50% 50% 0px&quot;}}\" class=\"elementor-element elementor-element-34fceb54 e-flex e-con-boxed e-con e-parent\" data-id=\"34fceb54\" data-element_type=\"container\">\n\t\t\t\t\t<div class=\"e-con-inner\">\n\t\t\t\t<div class=\"elementor-element elementor-element-20e90340 elementor-widget__width-inherit elementor-widget elementor-widget-ld_portfolio\" data-id=\"20e90340\" data-element_type=\"widget\" data-widget_type=\"ld_portfolio.default\">\n\t\t\t\t<div class=\"elementor-widget-container\">\n\t\t\t\t\t<div class=\"lqd-pf-grid lqd-pf-grid-20e90340\">\t\t\t\r\n<div class=\"liquid-filter-items align-items-center justify-content-start\">\t\r\n\t<div class=\"liquid-filter-items-inner flex-grow-1\">\r\n\t\t\r\n\t\t\t\t\t<span class=\"liquid-filter-items-label\">Filter<\/span>\r\n\t\t\r\n\t\t<ul class=\"filter-list filter-list-inline  size-md     d-flex align-items-center hidden-xs hidden-sm\" id=\"pf-filter-552141632\">\r\n\t\t\t<li class=\"active\" data-filter=\"*\"><span>All<\/span><\/li>\r\n\t\t\t<li data-filter=\".tamamlanan-projeler\"><span>Completed Projects<\/span><\/li><li data-filter=\".konsept-projeler\"><span>Concept Projects<\/span><\/li><li data-filter=\".devam-eden-projeler\"><span>Ongoing Projects<\/span><\/li>\t\t<\/ul>\r\n\r\n\t\t<div class=\"lqd-filter-dropdown visible-xs visible-sm\" data-form-options='{ \"dropdownAppendTo\": \"self\" }'>\r\n\t\t\t<select name=\"lqd-filter-dropdown-pf-filter-552141632\" id=\"lqd-filter-dropdown-pf-filter-552141632\">\r\n\t\t\t\t<option selected data-filter=\"*\" value=\"*\">All<\/option>\r\n\t\t\t\t<option data-filter=\".tamamlanan-projeler\" value=\".tamamlanan-projeler\">Completed Projects<\/option><option data-filter=\".konsept-projeler\" value=\".konsept-projeler\">Concept Projects<\/option><option data-filter=\".devam-eden-projeler\" value=\".devam-eden-projeler\">Ongoing Projects<\/option>\t\t\t<\/select>\r\n\t\t<\/div>\r\n\t\t\t\r\n\t\t\t\t\t\t\t\r\n\t\t\t\r\n\t<\/div>\r\n<\/div><div id=\"lqd-pf-grid-20e90340\" class=\"lqd-pf-row row d-flex flex-wrap lqd-pf-grid-20e90340\" data-liquid-masonry=\"true\" data-masonry-options='{ \"filtersID\": \"#pf-filter-552141632\" }'><div class=\"lqd-pf-column col-md-4 col-sm-6 col-xs-12 col-sm-6 col-xs-12 masonry-item konsept-projeler\">\n\n\t<article id=\"post-11477\" class=\"lqd-pf-item lqd-pf-item-style-6 border-radius-6 p-3 pt-4 lqd-pf-dark post-11477 liquid-portfolio type-liquid-portfolio status-publish format-standard has-post-thumbnail hentry liquid-portfolio-category-konsept-projeler\">\n\t\t<div class=\"lqd-pf-item-inner\">\n\n\t\t\t<div class=\"lqd-pf-img mb-3 pos-rel border-radius-10 overflow-hidden\">\n\t\t\t\t<figure>\n\t\t\t\t\t<figure class=\"w-100\"><img fetchpriority=\"high\" decoding=\"async\" width=\"748\" height=\"512\" src=\"https:\/\/homeramodular.com\/wp-content\/uploads\/2025\/07\/Adsiz-tasarim-2025-07-14T105356.974-748x512.jpg\" class=\"w-100 wp-post-image\" alt=\"\" \/><\/figure>\t\t\t\t<\/figure>\n\t\t\t\t<span class=\"lqd-pf-overlay-bg lqd-overlay d-flex align-items-center justify-content-center\">\n\t\t\t\t<\/span>\n\t\t\t<\/div>\n\n\t\t\t<div class=\"lqd-pf-details\">\n\t\t\t\t<div class=\"d-flex justify-content-between\">\n\t\t\t\t\t\t\t\t\t\t<h3 class=\"lqd-pf-title mt-0 align-items-center\">Moddle House &#8211; Asuda Konut Yap\u0131 Kooperatifi<\/h3>\t\t\t\t\t\t\t\t\t<\/div>\n\t\t\t\t<ul class=\"reset-ul inline-nav lqd-pf-cat d-inline-flex pos-rel z-index-2\"><li><a href=\"https:\/\/homeramodular.com\/en\/portfolio-category\/konsept-projeler\/\">Concept Projects<\/a><\/li><\/ul>\t\t\t<\/div>\n\n\t\t\t<a href=\"https:\/\/homeramodular.com\/en\/projects\/moddle-house-asuda-konut-yapi-kooperatifi\/\"  class=\"lqd-overlay lqd-pf-overlay-link lqd-cc-label-trigger\" ><\/a>\n\t\t<\/div>\n\t<\/article>\n\n<\/div><div class=\"lqd-pf-column col-md-4 col-sm-6 col-xs-12 col-sm-6 col-xs-12 masonry-item konsept-projeler\">\n\n\t<article id=\"post-11460\" class=\"lqd-pf-item lqd-pf-item-style-6 border-radius-6 p-3 pt-4 lqd-pf-dark post-11460 liquid-portfolio type-liquid-portfolio status-publish format-standard has-post-thumbnail hentry liquid-portfolio-category-konsept-projeler\">\n\t\t<div class=\"lqd-pf-item-inner\">\n\n\t\t\t<div class=\"lqd-pf-img mb-3 pos-rel border-radius-10 overflow-hidden\">\n\t\t\t\t<figure>\n\t\t\t\t\t<figure class=\"w-100\"><img decoding=\"async\" width=\"748\" height=\"512\" src=\"https:\/\/homeramodular.com\/wp-content\/uploads\/2025\/07\/Ekran-Resmi-2025-07-14-10.33.25-748x512.jpg\" class=\"w-100 wp-post-image\" alt=\"\" \/><\/figure>\t\t\t\t<\/figure>\n\t\t\t\t<span class=\"lqd-pf-overlay-bg lqd-overlay d-flex align-items-center justify-content-center\">\n\t\t\t\t<\/span>\n\t\t\t<\/div>\n\n\t\t\t<div class=\"lqd-pf-details\">\n\t\t\t\t<div class=\"d-flex justify-content-between\">\n\t\t\t\t\t\t\t\t\t\t<h3 class=\"lqd-pf-title mt-0 align-items-center\">Miami Heron Bay<\/h3>\t\t\t\t\t\t\t\t\t<\/div>\n\t\t\t\t<ul class=\"reset-ul inline-nav lqd-pf-cat d-inline-flex pos-rel z-index-2\"><li><a href=\"https:\/\/homeramodular.com\/en\/portfolio-category\/konsept-projeler\/\">Concept Projects<\/a><\/li><\/ul>\t\t\t<\/div>\n\n\t\t\t<a href=\"https:\/\/homeramodular.com\/en\/projects\/miami-heron-bay\/\"  class=\"lqd-overlay lqd-pf-overlay-link lqd-cc-label-trigger\" ><\/a>\n\t\t<\/div>\n\t<\/article>\n\n<\/div><div class=\"lqd-pf-column col-md-4 col-sm-6 col-xs-12 col-sm-6 col-xs-12 masonry-item konsept-projeler\">\n\n\t<article id=\"post-11444\" class=\"lqd-pf-item lqd-pf-item-style-6 border-radius-6 p-3 pt-4 lqd-pf-dark post-11444 liquid-portfolio type-liquid-portfolio status-publish format-standard has-post-thumbnail hentry liquid-portfolio-category-konsept-projeler\">\n\t\t<div class=\"lqd-pf-item-inner\">\n\n\t\t\t<div class=\"lqd-pf-img mb-3 pos-rel border-radius-10 overflow-hidden\">\n\t\t\t\t<figure>\n\t\t\t\t\t<figure class=\"w-100\"><img decoding=\"async\" width=\"748\" height=\"512\" src=\"https:\/\/homeramodular.com\/wp-content\/uploads\/2025\/07\/Ekran-Resmi-2025-07-14-10.24.01-748x512.jpg\" class=\"w-100 wp-post-image\" alt=\"\" srcset=\"https:\/\/homeramodular.com\/wp-content\/uploads\/2025\/07\/Ekran-Resmi-2025-07-14-10.24.01-748x512.jpg 748w, https:\/\/homeramodular.com\/wp-content\/uploads\/2025\/07\/Ekran-Resmi-2025-07-14-10.24.01-300x206.jpg 300w, https:\/\/homeramodular.com\/wp-content\/uploads\/2025\/07\/Ekran-Resmi-2025-07-14-10.24.01-1024x702.jpg 1024w, https:\/\/homeramodular.com\/wp-content\/uploads\/2025\/07\/Ekran-Resmi-2025-07-14-10.24.01-18x12.jpg 18w, https:\/\/homeramodular.com\/wp-content\/uploads\/2025\/07\/Ekran-Resmi-2025-07-14-10.24.01.jpg 1331w\" sizes=\"(max-width: 748px) 100vw, 748px\" \/><\/figure>\t\t\t\t<\/figure>\n\t\t\t\t<span class=\"lqd-pf-overlay-bg lqd-overlay d-flex align-items-center justify-content-center\">\n\t\t\t\t<\/span>\n\t\t\t<\/div>\n\n\t\t\t<div class=\"lqd-pf-details\">\n\t\t\t\t<div class=\"d-flex justify-content-between\">\n\t\t\t\t\t\t\t\t\t\t<h3 class=\"lqd-pf-title mt-0 align-items-center\">Yazgan \u00c7atalca<\/h3>\t\t\t\t\t\t\t\t\t<\/div>\n\t\t\t\t<ul class=\"reset-ul inline-nav lqd-pf-cat d-inline-flex pos-rel z-index-2\"><li><a href=\"https:\/\/homeramodular.com\/en\/portfolio-category\/konsept-projeler\/\">Concept Projects<\/a><\/li><\/ul>\t\t\t<\/div>\n\n\t\t\t<a href=\"https:\/\/homeramodular.com\/en\/projects\/yazgan-catalca\/\"  class=\"lqd-overlay lqd-pf-overlay-link lqd-cc-label-trigger\" ><\/a>\n\t\t<\/div>\n\t<\/article>\n\n<\/div><div class=\"lqd-pf-column col-md-4 col-sm-6 col-xs-12 col-sm-6 col-xs-12 masonry-item kas-antalya tamamlanan-projeler\">\n\n\t<article id=\"post-7743\" class=\"lqd-pf-item lqd-pf-item-style-6 border-radius-6 p-3 pt-4 lqd-pf-dark post-7743 liquid-portfolio type-liquid-portfolio status-publish format-standard has-post-thumbnail hentry liquid-portfolio-category-kas-antalya liquid-portfolio-category-tamamlanan-projeler\">\n\t\t<div class=\"lqd-pf-item-inner\">\n\n\t\t\t<div class=\"lqd-pf-img mb-3 pos-rel border-radius-10 overflow-hidden\">\n\t\t\t\t<figure>\n\t\t\t\t\t<figure class=\"w-100\"><img loading=\"lazy\" decoding=\"async\" width=\"748\" height=\"512\" src=\"https:\/\/homeramodular.com\/wp-content\/uploads\/2025\/04\/Kairos_Homera_1-copy-748x512.webp\" class=\"w-100 wp-post-image\" alt=\"Kairos Homera\" srcset=\"https:\/\/homeramodular.com\/wp-content\/uploads\/2025\/04\/Kairos_Homera_1-copy-748x512.webp 748w, https:\/\/homeramodular.com\/wp-content\/uploads\/2025\/04\/Kairos_Homera_1-copy-18x12.webp 18w, https:\/\/homeramodular.com\/wp-content\/uploads\/2025\/04\/Kairos_Homera_1-copy-760x520.webp 760w\" sizes=\"(max-width: 748px) 100vw, 748px\" \/><\/figure>\t\t\t\t<\/figure>\n\t\t\t\t<span class=\"lqd-pf-overlay-bg lqd-overlay d-flex align-items-center justify-content-center\">\n\t\t\t\t<\/span>\n\t\t\t<\/div>\n\n\t\t\t<div class=\"lqd-pf-details\">\n\t\t\t\t<div class=\"d-flex justify-content-between\">\n\t\t\t\t\t\t\t\t\t\t<h3 class=\"lqd-pf-title mt-0 align-items-center\">Kairos Hotel<\/h3>\t\t\t\t\t\t\t\t\t<\/div>\n\t\t\t\t<ul class=\"reset-ul inline-nav lqd-pf-cat d-inline-flex pos-rel z-index-2\"><li><a href=\"https:\/\/homeramodular.com\/en\/portfolio-category\/kas-antalya\/\">Kas, Antalya<\/a><\/li><\/ul>\t\t\t<\/div>\n\n\t\t\t<a href=\"https:\/\/homeramodular.com\/en\/projects\/kairos-hotel\/\"  class=\"lqd-overlay lqd-pf-overlay-link lqd-cc-label-trigger\" ><\/a>\n\t\t<\/div>\n\t<\/article>\n\n<\/div><div class=\"lqd-pf-column col-md-4 col-sm-6 col-xs-12 col-sm-6 col-xs-12 masonry-item kemer-antalya tamamlanan-projeler\">\n\n\t<article id=\"post-7672\" class=\"lqd-pf-item lqd-pf-item-style-6 border-radius-6 p-3 pt-4 lqd-pf-dark post-7672 liquid-portfolio type-liquid-portfolio status-publish format-standard has-post-thumbnail hentry liquid-portfolio-category-kemer-antalya liquid-portfolio-category-tamamlanan-projeler\">\n\t\t<div class=\"lqd-pf-item-inner\">\n\n\t\t\t<div class=\"lqd-pf-img mb-3 pos-rel border-radius-10 overflow-hidden\">\n\t\t\t\t<figure>\n\t\t\t\t\t<figure class=\"w-100\"><img loading=\"lazy\" decoding=\"async\" width=\"748\" height=\"512\" src=\"https:\/\/homeramodular.com\/wp-content\/uploads\/2025\/04\/ClubMarcoPolo_Homera_2-748x512.jpg\" class=\"w-100 wp-post-image\" alt=\"Club Marco Polo\" srcset=\"https:\/\/homeramodular.com\/wp-content\/uploads\/2025\/04\/ClubMarcoPolo_Homera_2-748x512.jpg 748w, https:\/\/homeramodular.com\/wp-content\/uploads\/2025\/04\/ClubMarcoPolo_Homera_2-18x12.jpg 18w\" sizes=\"(max-width: 748px) 100vw, 748px\" \/><\/figure>\t\t\t\t<\/figure>\n\t\t\t\t<span class=\"lqd-pf-overlay-bg lqd-overlay d-flex align-items-center justify-content-center\">\n\t\t\t\t<\/span>\n\t\t\t<\/div>\n\n\t\t\t<div class=\"lqd-pf-details\">\n\t\t\t\t<div class=\"d-flex justify-content-between\">\n\t\t\t\t\t\t\t\t\t\t<h3 class=\"lqd-pf-title mt-0 align-items-center\">Club Marco Polo<\/h3>\t\t\t\t\t\t\t\t\t<\/div>\n\t\t\t\t<ul class=\"reset-ul inline-nav lqd-pf-cat d-inline-flex pos-rel z-index-2\"><li><a href=\"https:\/\/homeramodular.com\/en\/portfolio-category\/kemer-antalya\/\">Kemer, Antalya<\/a><\/li><\/ul>\t\t\t<\/div>\n\n\t\t\t<a href=\"https:\/\/homeramodular.com\/en\/projects\/club-marco-polo\/\"  class=\"lqd-overlay lqd-pf-overlay-link lqd-cc-label-trigger\" ><\/a>\n\t\t<\/div>\n\t<\/article>\n\n<\/div><div class=\"lqd-pf-column col-md-4 col-sm-6 col-xs-12 col-sm-6 col-xs-12 masonry-item fohnsdorf-austria konsept-projeler\">\n\n\t<article id=\"post-7745\" class=\"lqd-pf-item lqd-pf-item-style-6 border-radius-6 p-3 pt-4 lqd-pf-dark post-7745 liquid-portfolio type-liquid-portfolio status-publish format-standard has-post-thumbnail hentry liquid-portfolio-category-fohnsdorf-austria liquid-portfolio-category-konsept-projeler\">\n\t\t<div class=\"lqd-pf-item-inner\">\n\n\t\t\t<div class=\"lqd-pf-img mb-3 pos-rel border-radius-10 overflow-hidden\">\n\t\t\t\t<figure>\n\t\t\t\t\t<figure class=\"w-100\"><img loading=\"lazy\" decoding=\"async\" width=\"748\" height=\"512\" src=\"https:\/\/homeramodular.com\/wp-content\/uploads\/2025\/04\/1Homera_Haustria_Living-748x512.webp\" class=\"w-100 wp-post-image\" alt=\"Haustria Living\" srcset=\"https:\/\/homeramodular.com\/wp-content\/uploads\/2025\/04\/1Homera_Haustria_Living-748x512.webp 748w, https:\/\/homeramodular.com\/wp-content\/uploads\/2025\/04\/1Homera_Haustria_Living-18x12.webp 18w\" sizes=\"(max-width: 748px) 100vw, 748px\" \/><\/figure>\t\t\t\t<\/figure>\n\t\t\t\t<span class=\"lqd-pf-overlay-bg lqd-overlay d-flex align-items-center justify-content-center\">\n\t\t\t\t<\/span>\n\t\t\t<\/div>\n\n\t\t\t<div class=\"lqd-pf-details\">\n\t\t\t\t<div class=\"d-flex justify-content-between\">\n\t\t\t\t\t\t\t\t\t\t<h3 class=\"lqd-pf-title mt-0 align-items-center\">Haustria Living<\/h3>\t\t\t\t\t\t\t\t\t<\/div>\n\t\t\t\t<ul class=\"reset-ul inline-nav lqd-pf-cat d-inline-flex pos-rel z-index-2\"><li><a href=\"https:\/\/homeramodular.com\/en\/portfolio-category\/fohnsdorf-austria\/\">Fohnsdorf, Austria<\/a><\/li><\/ul>\t\t\t<\/div>\n\n\t\t\t<a href=\"https:\/\/homeramodular.com\/en\/projects\/haustria-living\/\"  class=\"lqd-overlay lqd-pf-overlay-link lqd-cc-label-trigger\" ><\/a>\n\t\t<\/div>\n\t<\/article>\n\n<\/div><div class=\"lqd-pf-column col-md-4 col-sm-6 col-xs-12 col-sm-6 col-xs-12 masonry-item kocaeli tamamlanan-projeler\">\n\n\t<article id=\"post-7746\" class=\"lqd-pf-item lqd-pf-item-style-6 border-radius-6 p-3 pt-4 lqd-pf-dark post-7746 liquid-portfolio type-liquid-portfolio status-publish format-standard has-post-thumbnail hentry liquid-portfolio-category-kocaeli liquid-portfolio-category-tamamlanan-projeler\">\n\t\t<div class=\"lqd-pf-item-inner\">\n\n\t\t\t<div class=\"lqd-pf-img mb-3 pos-rel border-radius-10 overflow-hidden\">\n\t\t\t\t<figure>\n\t\t\t\t\t<figure class=\"w-100\"><img loading=\"lazy\" decoding=\"async\" width=\"748\" height=\"512\" src=\"https:\/\/homeramodular.com\/wp-content\/uploads\/2025\/04\/Tumba_Homera_10-748x512.jpg\" class=\"w-100 wp-post-image\" alt=\"Tumba foggy valley\" srcset=\"https:\/\/homeramodular.com\/wp-content\/uploads\/2025\/04\/Tumba_Homera_10-748x512.jpg 748w, https:\/\/homeramodular.com\/wp-content\/uploads\/2025\/04\/Tumba_Homera_10-18x12.jpg 18w\" sizes=\"(max-width: 748px) 100vw, 748px\" \/><\/figure>\t\t\t\t<\/figure>\n\t\t\t\t<span class=\"lqd-pf-overlay-bg lqd-overlay d-flex align-items-center justify-content-center\">\n\t\t\t\t<\/span>\n\t\t\t<\/div>\n\n\t\t\t<div class=\"lqd-pf-details\">\n\t\t\t\t<div class=\"d-flex justify-content-between\">\n\t\t\t\t\t\t\t\t\t\t<h3 class=\"lqd-pf-title mt-0 align-items-center\">Tumba Sisli Vadi Hotel<\/h3>\t\t\t\t\t\t\t\t\t<\/div>\n\t\t\t\t<ul class=\"reset-ul inline-nav lqd-pf-cat d-inline-flex pos-rel z-index-2\"><li><a href=\"https:\/\/homeramodular.com\/en\/portfolio-category\/kocaeli\/\">Kartepe, Kocaeli<\/a><\/li><\/ul>\t\t\t<\/div>\n\n\t\t\t<a href=\"https:\/\/homeramodular.com\/en\/projects\/tumba-foggy-valley-hotel\/\"  class=\"lqd-overlay lqd-pf-overlay-link lqd-cc-label-trigger\" ><\/a>\n\t\t<\/div>\n\t<\/article>\n\n<\/div><\/div><\/div>\t\t\t\t<\/div>\n\t\t\t\t<\/div>\n\t\t\t\t\t<\/div>\n\t\t\t\t<\/div>\n\t\t<div class=\"elementor-element elementor-element-05dc0ca e-flex e-con-boxed e-con e-parent\" data-id=\"05dc0ca\" data-element_type=\"container\" data-settings=\"{&quot;background_background&quot;:&quot;classic&quot;}\">\n\t\t\t\t\t<div class=\"e-con-inner\">\n\t\t<div class=\"elementor-element elementor-element-c026b21 e-con-full e-flex e-con e-child\" data-id=\"c026b21\" data-element_type=\"container\" data-settings=\"{&quot;background_background&quot;:&quot;classic&quot;}\">\n\t\t\t\t<div class=\"elementor-element elementor-element-7a5ecd7 elementor-widget elementor-widget-hub_fancy_heading lqd-el-has-inner-anim\" data-id=\"7a5ecd7\" data-element_type=\"widget\" data-settings=\"{&quot;enable_split&quot;:&quot;true&quot;,&quot;split_type&quot;:&quot;words&quot;}\" data-widget_type=\"hub_fancy_heading.default\">\n\t\t\t\t<div class=\"elementor-widget-container\">\n\t\t\t\t\t\n\t\t<div id=\"ld-fancy-heading-69da19ad7bae3\" class=\"ld-fancy-heading pos-rel\">\n\t\t\t<h2 class=\"ld-fh-element d-inline-block pos-rel  elementor-heading-title lqd-highlight-classic lqd-highlight-grow-left lqd-split-words h2\"  data-split-text=\"true\" data-split-options='{\"type\":\"words\"}'> Yat\u0131r\u0131mc\u0131lar \u0130\u00e7in Homera<\/h2>\t\t<\/div>\n\n\t\t\t\t\t\t<\/div>\n\t\t\t\t<\/div>\n\t\t<div class=\"elementor-element elementor-element-3d06d70 e-con-full e-flex e-con e-child\" data-id=\"3d06d70\" data-element_type=\"container\">\n\t\t\t\t<div class=\"elementor-element elementor-element-a1ab33c elementor-widget elementor-widget-ld_button\" data-id=\"a1ab33c\" data-element_type=\"widget\" data-widget_type=\"ld_button.default\">\n\t\t\t\t<div class=\"elementor-widget-container\">\n\t\t\t\t\t\n\t\t\t<a\n\t\t\t\thref=\"https:\/\/homeramodular.com\/en\/yatirimcilar-icin-homera\/\"class=\"elementor-button btn btn-solid btn-icon-shaped btn-has-label\"\t\t\t>\n\t\t\t\t\t\t\t\t\t<span data-text=\"Detayl\u0131 Bilgi Al\" class=\"btn-txt\">\n\t\t\t\t\t\tDetayl\u0131 Bilgi Al\t\t\t\t\t<\/span>\n\t\t\t\t\t\t\t\t\t\t\t<\/a>\n\t\t\t\t\t\t\t<\/div>\n\t\t\t\t<\/div>\n\t\t\t\t<\/div>\n\t\t\t\t<\/div>\n\t\t<div class=\"elementor-element elementor-element-00d4691 e-con-full e-flex e-con e-child\" data-id=\"00d4691\" data-element_type=\"container\" data-settings=\"{&quot;background_background&quot;:&quot;classic&quot;}\">\n\t\t\t\t<div class=\"elementor-element elementor-element-c2c196e elementor-widget elementor-widget-hub_fancy_heading lqd-el-has-inner-anim\" data-id=\"c2c196e\" data-element_type=\"widget\" data-settings=\"{&quot;enable_split&quot;:&quot;true&quot;,&quot;split_type&quot;:&quot;words&quot;}\" data-widget_type=\"hub_fancy_heading.default\">\n\t\t\t\t<div class=\"elementor-widget-container\">\n\t\t\t\t\t\n\t\t<div id=\"ld-fancy-heading-69da19ad7e2df\" class=\"ld-fancy-heading pos-rel\">\n\t\t\t<h2 class=\"ld-fh-element d-inline-block pos-rel  elementor-heading-title lqd-highlight-classic lqd-highlight-grow-left lqd-split-words h2\"  data-split-text=\"true\" data-split-options='{\"type\":\"words\"}'> Let&#039;s start dreaming here!<\/h2>\t\t<\/div>\n\n\t\t\t\t\t\t<\/div>\n\t\t\t\t<\/div>\n\t\t<div class=\"elementor-element elementor-element-2d7117d e-con-full e-flex e-con e-child\" data-id=\"2d7117d\" data-element_type=\"container\">\n\t\t\t\t<div class=\"elementor-element elementor-element-3958aba elementor-widget elementor-widget-ld_button\" data-id=\"3958aba\" data-element_type=\"widget\" data-widget_type=\"ld_button.default\">\n\t\t\t\t<div class=\"elementor-widget-container\">\n\t\t\t\t\t\n\t\t\t<a\n\t\t\t\tclass=\"elementor-button btn btn-solid btn-icon-shaped btn-has-label\" data-lqd-lity=\"#modal-122\" href=\"#modal-122\"\t\t\t>\n\t\t\t\t\t\t\t\t\t<span data-text=\"Hemen Ba\u015fla\" class=\"btn-txt\">\n\t\t\t\t\t\tStart Now\t\t\t\t\t<\/span>\n\t\t\t\t\t\t\t\t\t\t\t<\/a>\n\t\t\t\t\t\t\t<\/div>\n\t\t\t\t<\/div>\n\t\t\t\t<div class=\"elementor-element elementor-element-87adad2 elementor-widget elementor-widget-ld_button\" data-id=\"87adad2\" data-element_type=\"widget\" data-widget_type=\"ld_button.default\">\n\t\t\t\t<div class=\"elementor-widget-container\">\n\t\t\t\t\t\n\t\t\t<a\n\t\t\t\tclass=\"elementor-button btn btn-solid btn-icon-shaped btn-has-label\" data-lqd-lity=\"#modal-10472\" href=\"#modal-10472\"\t\t\t>\n\t\t\t\t\t\t\t\t\t<span data-text=\"Showroom Randevu\" class=\"btn-txt\">\n\t\t\t\t\t\tShowroom Appointment\t\t\t\t\t<\/span>\n\t\t\t\t\t\t\t\t\t\t\t<\/a>\n\t\t\t\t\t\t\t<\/div>\n\t\t\t\t<\/div>\n\t\t\t\t<\/div>\n\t\t\t\t<\/div>\n\t\t\t\t\t<\/div>\n\t\t\t\t<\/div>\n\t\t\t\t<\/div>","protected":false},"excerpt":{"rendered":"<p>Projeler Filtrele T\u00fcm\u00fc Tamamlanan Projeler Konsept Projeler Devam Eden Projeler T\u00fcm\u00fcTamamlanan ProjelerKonsept ProjelerDevam Eden Projeler Moddle House &#8211; Asuda Konut Yap\u0131 Kooperatifi Konsept Projeler Miami Heron Bay Konsept Projeler Yazgan \u00c7atalca Konsept Projeler Kairos Hotel Ka\u015f, Antalya Club Marco Polo Kemer, Antalya Haustria Living Fohnsdorf, Austria Tumba Sisli Vadi Kartepe, Kocaeli Yat\u0131r\u0131mc\u0131lar \u0130\u00e7in Homera Detayl\u0131 [&hellip;]<\/p>","protected":false},"author":1,"featured_media":0,"parent":0,"menu_order":0,"comment_status":"closed","ping_status":"closed","template":"","meta":{"footnotes":""},"class_list":["post-8537","page","type-page","status-publish","hentry"],"_links":{"self":[{"href":"https:\/\/homeramodular.com\/en\/wp-json\/wp\/v2\/pages\/8537","targetHints":{"allow":["GET"]}}],"collection":[{"href":"https:\/\/homeramodular.com\/en\/wp-json\/wp\/v2\/pages"}],"about":[{"href":"https:\/\/homeramodular.com\/en\/wp-json\/wp\/v2\/types\/page"}],"author":[{"embeddable":true,"href":"https:\/\/homeramodular.com\/en\/wp-json\/wp\/v2\/users\/1"}],"replies":[{"embeddable":true,"href":"https:\/\/homeramodular.com\/en\/wp-json\/wp\/v2\/comments?post=8537"}],"version-history":[{"count":70,"href":"https:\/\/homeramodular.com\/en\/wp-json\/wp\/v2\/pages\/8537\/revisions"}],"predecessor-version":[{"id":11665,"href":"https:\/\/homeramodular.com\/en\/wp-json\/wp\/v2\/pages\/8537\/revisions\/11665"}],"wp:attachment":[{"href":"https:\/\/homeramodular.com\/en\/wp-json\/wp\/v2\/media?parent=8537"}],"curies":[{"name":"wp","href":"https:\/\/api.w.org\/{rel}","templated":true}]}}