{"id":8658,"date":"2025-04-24T16:20:22","date_gmt":"2025-04-24T16:20:22","guid":{"rendered":"https:\/\/homeramodular.com\/?page_id=8658"},"modified":"2025-05-15T07:56:10","modified_gmt":"2025-05-15T07:56:10","slug":"commercial-message-information-text","status":"publish","type":"page","link":"https:\/\/homeramodular.com\/en\/commercial-message-information-text\/","title":{"rendered":"KVKK Commercial Message Information Text"},"content":{"rendered":"<div data-elementor-type=\"wp-page\" data-elementor-id=\"8658\" class=\"elementor elementor-8658\" data-elementor-post-type=\"page\">\n\t\t\t\t<div class=\"elementor-element elementor-element-1f9d3b3 e-flex e-con-boxed e-con e-parent\" data-id=\"1f9d3b3\" data-element_type=\"container\" data-settings=\"{&quot;background_background&quot;:&quot;classic&quot;,&quot;shape_divider_bottom&quot;:&quot;lqd-custom-shape-8&quot;}\">\n\t\t\t\t\t<div class=\"e-con-inner\">\n\t\t\t\t<div class=\"elementor-shape elementor-shape-bottom\" aria-hidden=\"true\" data-negative=\"false\">\n\t\t\t<svg class=\"lqd-custom-shape\" xmlns=\"http:\/\/www.w3.org\/2000\/svg\" viewbox=\"0 0 1440 100\" preserveaspectratio=\"none\">\n    <path class=\"elementor-shape-fill\" id=\"Row_Separator\" data-name=\"Row Separator\" d=\"M1440,0Q1080,99,720,99T0,0V100H1440Z\" \/>\n<\/svg>\t\t<\/div>\n\t\t\t\t<div class=\"elementor-element elementor-element-665612c elementor-widget elementor-widget-hub_fancy_heading\" data-id=\"665612c\" data-element_type=\"widget\" data-widget_type=\"hub_fancy_heading.default\">\n\t\t\t\t<div class=\"elementor-widget-container\">\n\t\t\t\t\t\n\t\t<div id=\"ld-fancy-heading-69ded0ee1eab6\" class=\"ld-fancy-heading pos-rel\">\n\t\t\t<h1 class=\"ld-fh-element d-inline-block pos-rel  elementor-heading-title lqd-highlight-classic lqd-highlight-grow-left h1\"  > KVKK Commercial Message Information Text<\/h1>\t\t<\/div>\n\n\t\t\t\t\t\t<\/div>\n\t\t\t\t<\/div>\n\t\t\t\t\t<\/div>\n\t\t\t\t<\/div>\n\t\t<div class=\"elementor-element elementor-element-2f99cc43 e-flex e-con-boxed e-con e-parent\" data-id=\"2f99cc43\" data-element_type=\"container\">\n\t\t\t\t\t<div class=\"e-con-inner\">\n\t\t\t\t<div class=\"elementor-element elementor-element-8767422 elementor-widget elementor-widget-text-editor\" data-id=\"8767422\" data-element_type=\"widget\" data-widget_type=\"text-editor.default\">\n\t\t\t\t<div class=\"elementor-widget-container\">\n\t\t\t\t\t\t\t\t\t\n<p><strong>ABOUT COMMERCIAL ELECTRONIC MESSAGE SENDING<\/strong><\/p>\n\n\n\n<p><strong>INFORMATION TEXT<\/strong><\/p>\n\n\n\n<p>Within the framework of the Law No. 6563 on the Regulation of Electronic Commerce and other legislation, if you consent to the sending of commercial electronic messages to you by VLM 4 YAPI S\u0130STEMLER\u0130 YATIRIM A.\u015e., its affiliates and agencies, including promotions, bulletins, collection promotions, events, advantages, discounts, information about campaigns and promotion of new products and improvements, using SMS, pictures, animations, short messages, MMS containing multimedia objects, telephone, fax, automatic dialing machines, electronic mail and similar communication channels, including data, audio and visual information, content information, promotional and marketing content.\u00a0<em>\u201cWould you like to receive commercial messages to be informed about promotions, campaigns, special discounts and new information?\u201d\u00a0<\/em>In response to the question\u00a0<em>&quot;Yes&quot;<\/em>\u00a0option\/box; if you do not approve\u00a0<em>&quot;No&quot;<\/em>\u00a0\u00a0You can check the option\/box.<\/p>\n\n\n\n<p>You have the right to refuse the consent you have given to the sending of commercial electronic messages at any time within the scope of the relevant legislation.<\/p>\n\n\n\n<p>This information, which you will share in accordance with the information in the \u201cInformation Text on the Processing of Personal Data\u201d, is protected and stored by VLM 4 YAPI S\u0130STEMLER\u0130 YATIRIM A.\u015e. within the scope of legal obligations.<\/p>\n\n\n\n<p>VLM 4 BUILDING SYSTEMS INVESTMENT INC.<\/p>\n\n\n\n<p>Mersis No. 0925-0718-1480-0001<\/p>\n\t\t\t\t\t\t\t\t<\/div>\n\t\t\t\t<\/div>\n\t\t\t\t\t<\/div>\n\t\t\t\t<\/div>\n\t\t\t\t<\/div>","protected":false},"excerpt":{"rendered":"<p>KVKK Ticari \u0130leti Bilgilendirme Metni T\u0130CAR\u0130 ELEKTRON\u0130K \u0130LET\u0130 G\u00d6NDER\u0130M\u0130 HAKKINDA B\u0130LG\u0130LEND\u0130RME METN\u0130 6563 Say\u0131l\u0131 Elektronik Ticaretin D\u00fczenlenmesi Hakk\u0131nda Kanun ve sair mevzuat \u00e7er\u00e7evesinde VLM 4 YAPI S\u0130STEMLER\u0130 YATIRIM A.\u015e., i\u015ftirakleri ve acenteleri taraf\u0131ndan Homera markas\u0131 i\u00e7in tan\u0131t\u0131mlar, b\u00fcltenler, koleksiyon tan\u0131t\u0131mlar\u0131, etkinlikler, avantajlar, indirimler, kampanyalara ili\u015fkin bilgilendirmeler ile yeni \u00fcr\u00fcnlerin, iyile\u015ftirmelerin tan\u0131t\u0131m\u0131 ba\u015fta olmak \u00fczere, taraf\u0131n\u0131za, [&hellip;]<\/p>","protected":false},"author":1,"featured_media":0,"parent":0,"menu_order":0,"comment_status":"closed","ping_status":"closed","template":"","meta":{"footnotes":""},"class_list":["post-8658","page","type-page","status-publish","hentry"],"_links":{"self":[{"href":"https:\/\/homeramodular.com\/en\/wp-json\/wp\/v2\/pages\/8658","targetHints":{"allow":["GET"]}}],"collection":[{"href":"https:\/\/homeramodular.com\/en\/wp-json\/wp\/v2\/pages"}],"about":[{"href":"https:\/\/homeramodular.com\/en\/wp-json\/wp\/v2\/types\/page"}],"author":[{"embeddable":true,"href":"https:\/\/homeramodular.com\/en\/wp-json\/wp\/v2\/users\/1"}],"replies":[{"embeddable":true,"href":"https:\/\/homeramodular.com\/en\/wp-json\/wp\/v2\/comments?post=8658"}],"version-history":[{"count":5,"href":"https:\/\/homeramodular.com\/en\/wp-json\/wp\/v2\/pages\/8658\/revisions"}],"predecessor-version":[{"id":9602,"href":"https:\/\/homeramodular.com\/en\/wp-json\/wp\/v2\/pages\/8658\/revisions\/9602"}],"wp:attachment":[{"href":"https:\/\/homeramodular.com\/en\/wp-json\/wp\/v2\/media?parent=8658"}],"curies":[{"name":"wp","href":"https:\/\/api.w.org\/{rel}","templated":true}]}}