{"id":8662,"date":"2025-04-24T16:21:41","date_gmt":"2025-04-24T16:21:41","guid":{"rendered":"https:\/\/homeramodular.com\/?page_id=8662"},"modified":"2025-05-15T07:55:12","modified_gmt":"2025-05-15T07:55:12","slug":"kvkk-application-form","status":"publish","type":"page","link":"https:\/\/homeramodular.com\/en\/kvkk-application-form\/","title":{"rendered":"KVKK Application Form"},"content":{"rendered":"<div data-elementor-type=\"wp-page\" data-elementor-id=\"8662\" class=\"elementor elementor-8662\" data-elementor-post-type=\"page\">\n\t\t\t\t<div class=\"elementor-element elementor-element-8058e14 e-flex e-con-boxed e-con e-parent\" data-id=\"8058e14\" data-element_type=\"container\" data-settings=\"{&quot;background_background&quot;:&quot;classic&quot;,&quot;shape_divider_bottom&quot;:&quot;lqd-custom-shape-8&quot;}\">\n\t\t\t\t\t<div class=\"e-con-inner\">\n\t\t\t\t<div class=\"elementor-shape elementor-shape-bottom\" aria-hidden=\"true\" data-negative=\"false\">\n\t\t\t<svg class=\"lqd-custom-shape\" xmlns=\"http:\/\/www.w3.org\/2000\/svg\" viewbox=\"0 0 1440 100\" preserveaspectratio=\"none\">\n    <path class=\"elementor-shape-fill\" id=\"Row_Separator\" data-name=\"Row Separator\" d=\"M1440,0Q1080,99,720,99T0,0V100H1440Z\" \/>\n<\/svg>\t\t<\/div>\n\t\t\t\t<div class=\"elementor-element elementor-element-062011c elementor-widget elementor-widget-hub_fancy_heading\" data-id=\"062011c\" data-element_type=\"widget\" data-widget_type=\"hub_fancy_heading.default\">\n\t\t\t\t<div class=\"elementor-widget-container\">\n\t\t\t\t\t\n\t\t<div id=\"ld-fancy-heading-69ded319ecb32\" class=\"ld-fancy-heading pos-rel\">\n\t\t\t<h1 class=\"ld-fh-element d-inline-block pos-rel  elementor-heading-title lqd-highlight-classic lqd-highlight-grow-left h1\"  > KVKK Application Form<\/h1>\t\t<\/div>\n\n\t\t\t\t\t\t<\/div>\n\t\t\t\t<\/div>\n\t\t\t\t\t<\/div>\n\t\t\t\t<\/div>\n\t\t<div class=\"elementor-element elementor-element-31b790c3 e-flex e-con-boxed e-con e-parent\" data-id=\"31b790c3\" data-element_type=\"container\">\n\t\t\t\t\t<div class=\"e-con-inner\">\n\t\t\t\t<div class=\"elementor-element elementor-element-282bc8d7 elementor-widget elementor-widget-text-editor\" data-id=\"282bc8d7\" data-element_type=\"widget\" data-widget_type=\"text-editor.default\">\n\t\t\t\t<div class=\"elementor-widget-container\">\n\t\t\t\t\t\t\t\t\t\n<ol start=\"1\" class=\"wp-block-list\">\n<li><strong>General Explanations<\/strong><\/li>\n<\/ol>\n\n\n\n<p>The personal data owner (hereinafter referred to as the \u201cData Owner\u201d), defined as the Relevant Person in the Personal Data Protection Law No. 6698 (hereinafter referred to as the \u201cPDPL\u201d), may apply to VLM 4 YAPI S\u0130STEMLER\u0130 YATIRIM A.\u015e. (hereinafter referred to as the \u201cCompany\u201d) as the Data Controller, based on your rights listed in Article 11 of the PDPL.<\/p>\n\n\n\n<ol start=\"2\" class=\"wp-block-list\">\n<li><strong>Application Method<\/strong><\/li>\n<\/ol>\n\n\n\n<p>Your requests regarding these rights must be submitted to our Company in writing, in accordance with the first paragraph of Article 13 of the Personal Data Protection Law and Article 5 of the Communiqu\u00e9 on the Procedures and Principles of Application to the Data Controller, by taking a printout of this Application Form, using one of the methods explained below or other methods determined by the Personal Data Protection Board (hereinafter referred to as the \u201cBoard\u201d).<\/p>\n\n\n\n<figure class=\"wp-block-table\"><table class=\"has-fixed-layout\"><tbody><tr><td><strong>Application Method<\/strong><\/td><td><strong>Address to Apply<\/strong><\/td><td><strong>Information to be Specified in Application Submission<\/strong><\/td><\/tr><tr><td>Personally Identity Verified, Wet Signed\/Through Notary<\/td><td>Huzur Mah. Ayazaga St. 4B\/601 Maslak -Sar\u0131yer \/ ISTANBUL<\/td><td>&quot;Personal Data Protection Law Information Request&quot; will be written on the envelope\/notification.<\/td><\/tr><tr><td>Via Registered Electronic Mail (KEP)<\/td><td><strong>info@homeramodular.com<\/strong>&nbsp;or&nbsp;<strong>vlm4yapi@hs01.kep.tr<\/strong><\/td><td>The subject of the e-mail will be written as &quot;Personal Data Protection Law Information Request&quot;.<\/td><\/tr><\/tbody><\/table><\/figure>\n\n\n\n<p>In the application you will make to exercise your rights as a personal data owner and include your explanations regarding the right you request to exercise; if someone else is making the application on your behalf, you must document the authority of the person making the application in this regard.<\/p>\n\n\n\n<p>Your applications sent to us will be answered \u201cas soon as possible and at the latest within thirty (30) days\u201d from the date your request reaches us, depending on the nature of the request, in accordance with Article 13, paragraph 2 of the Personal Data Protection Law. Our answers will be sent to you in writing or electronically in accordance with the provisions of Article 13 of the relevant Personal Data Protection Law.<\/p>\n\n\n\n<ol start=\"3\" class=\"wp-block-list\">\n<li><strong>Identity and Contact Information<\/strong><\/li>\n<\/ol>\n\n\n\n<figure class=\"wp-block-table\"><table class=\"has-fixed-layout\"><tbody><tr><td>Name-Surname:<\/td><td>&nbsp;<\/td><\/tr><tr><td>For citizens of the Republic of T\u00fcrkiye, their Turkish identity number\/For foreigners, their nationality, passport number or identity number, if any:<\/td><td>&nbsp;<\/td><\/tr><tr><td>If available, email address, telephone and fax number for notification:<\/td><td>&nbsp;<\/td><\/tr><tr><td>Residence\/Workplace address for notification:<\/td><td>&nbsp;<\/td><\/tr><\/tbody><\/table><\/figure>\n\n\n\n<ol start=\"4\" class=\"wp-block-list\">\n<li><strong>Your Relationship with Our Company (<\/strong>(such as insured, supplier, business partner, candidate employee, former employee, third party company employee, shareholder, user, visitor)<\/li>\n<\/ol>\n\n\n\n<figure class=\"wp-block-table\"><table class=\"has-fixed-layout\"><tbody><tr><td>\u00b7&nbsp;&nbsp;&nbsp;&nbsp;&nbsp;&nbsp;&nbsp;&nbsp;&nbsp;<strong>&nbsp;<\/strong><\/td><\/tr><tr><td><strong>Those you communicate with within our Company;<\/strong> <strong>&nbsp;<\/strong> <strong>Unit:<\/strong> <strong>&nbsp;<\/strong> <strong>Subject:<\/strong><\/td><\/tr><\/tbody><\/table><\/figure>\n\n\n\n<ol start=\"5\" class=\"wp-block-list\">\n<li><strong>Subject of Request<\/strong><\/li>\n<\/ol>\n\n\n\n<figure class=\"wp-block-table\"><table class=\"has-fixed-layout\"><tbody><tr><td>Please specify your request within the scope of the Personal Data Protection Law in detail. We kindly ask you to attach information and documents regarding your request.<\/td><\/tr><tr><td>&nbsp;<\/td><\/tr><tr><td>Please select the method by which you will be notified of our response to your application: \u25a1 I want it to be sent to my address. \u25a1 I want it to be sent to my e-mail address.<\/td><\/tr><\/tbody><\/table><\/figure>\n\n\n\n<ol start=\"6\" class=\"wp-block-list\">\n<li><strong>Declaration of the Applicant<\/strong><\/li>\n<\/ol>\n\n\n\n<p>This Application Form has been prepared to identify your relationship with our Company and to respond to your application accurately and within the legal period, if any, regarding your personal data processed by our Company. In order to eliminate legal risks that may arise from unlawful and unfair data sharing and especially to ensure the security of your personal data, our Company reserves the right to request additional documents for identification and authorization. In the event that the information regarding your requests submitted within the scope of the Application Form is not accurate and up-to-date or an unauthorized application is made, our Company does not accept liability for requests arising from such incorrect information or unauthorized application.<\/p>\n\n\n\n<p>VLM 4 BUILDING SYSTEMS INVESTMENT INC.<\/p>\n\n\n\n<p>Mersis No. 0925-0718-1480-0001<\/p>\n\t\t\t\t\t\t\t\t<\/div>\n\t\t\t\t<\/div>\n\t\t\t\t\t<\/div>\n\t\t\t\t<\/div>\n\t\t\t\t<\/div>","protected":false},"excerpt":{"rendered":"<p>KVKK Ba\u015fvuru Formu 6698 say\u0131l\u0131 Ki\u015fisel Verilerin Korunmas\u0131 Kanunu\u2019nda (Bundan sonra \u201cKVK Kanunu\u201d olarak an\u0131lacakt\u0131r.) \u0130lgili Ki\u015fi olarak tan\u0131mlanan ki\u015fisel veri sahibi (Bundan sonra \u201cVeri Sahibi\u201d olarak an\u0131lacakt\u0131r), KVK Kanunu\u2019nun 11. maddesinde say\u0131lan haklar\u0131n\u0131za istinaden, Veri Sorumlusu olarak VLM 4 YAPI S\u0130STEMLER\u0130 YATIRIM A.\u015e.\u2019ye (Bundan sonra \u201c\u015eirket\u201d olarak an\u0131lacakt\u0131r.) ba\u015fvurabilirsiniz. \u0130\u015fbu haklar\u0131n\u0131za ili\u015fkin taleplerinizin KVK [&hellip;]<\/p>","protected":false},"author":1,"featured_media":0,"parent":0,"menu_order":0,"comment_status":"closed","ping_status":"closed","template":"","meta":{"footnotes":""},"class_list":["post-8662","page","type-page","status-publish","hentry"],"_links":{"self":[{"href":"https:\/\/homeramodular.com\/en\/wp-json\/wp\/v2\/pages\/8662","targetHints":{"allow":["GET"]}}],"collection":[{"href":"https:\/\/homeramodular.com\/en\/wp-json\/wp\/v2\/pages"}],"about":[{"href":"https:\/\/homeramodular.com\/en\/wp-json\/wp\/v2\/types\/page"}],"author":[{"embeddable":true,"href":"https:\/\/homeramodular.com\/en\/wp-json\/wp\/v2\/users\/1"}],"replies":[{"embeddable":true,"href":"https:\/\/homeramodular.com\/en\/wp-json\/wp\/v2\/comments?post=8662"}],"version-history":[{"count":6,"href":"https:\/\/homeramodular.com\/en\/wp-json\/wp\/v2\/pages\/8662\/revisions"}],"predecessor-version":[{"id":9599,"href":"https:\/\/homeramodular.com\/en\/wp-json\/wp\/v2\/pages\/8662\/revisions\/9599"}],"wp:attachment":[{"href":"https:\/\/homeramodular.com\/en\/wp-json\/wp\/v2\/media?parent=8662"}],"curies":[{"name":"wp","href":"https:\/\/api.w.org\/{rel}","templated":true}]}}