{"id":8666,"date":"2025-04-24T16:22:50","date_gmt":"2025-04-24T16:22:50","guid":{"rendered":"https:\/\/homeramodular.com\/?page_id=8666"},"modified":"2025-05-15T07:53:24","modified_gmt":"2025-05-15T07:53:24","slug":"kvkk-explicit-consent-text","status":"publish","type":"page","link":"https:\/\/homeramodular.com\/en\/kvkk-explicit-consent-text\/","title":{"rendered":"KVKK Explicit Consent Text"},"content":{"rendered":"<div data-elementor-type=\"wp-page\" data-elementor-id=\"8666\" class=\"elementor elementor-8666\" data-elementor-post-type=\"page\">\n\t\t\t\t<div class=\"elementor-element elementor-element-7656942 e-flex e-con-boxed e-con e-parent\" data-id=\"7656942\" data-element_type=\"container\" data-settings=\"{&quot;background_background&quot;:&quot;classic&quot;,&quot;shape_divider_bottom&quot;:&quot;lqd-custom-shape-8&quot;}\">\n\t\t\t\t\t<div class=\"e-con-inner\">\n\t\t\t\t<div class=\"elementor-shape elementor-shape-bottom\" aria-hidden=\"true\" data-negative=\"false\">\n\t\t\t<svg class=\"lqd-custom-shape\" xmlns=\"http:\/\/www.w3.org\/2000\/svg\" viewbox=\"0 0 1440 100\" preserveaspectratio=\"none\">\n    <path class=\"elementor-shape-fill\" id=\"Row_Separator\" data-name=\"Row Separator\" d=\"M1440,0Q1080,99,720,99T0,0V100H1440Z\" \/>\n<\/svg>\t\t<\/div>\n\t\t\t\t<div class=\"elementor-element elementor-element-7a78c43 elementor-widget elementor-widget-hub_fancy_heading\" data-id=\"7a78c43\" data-element_type=\"widget\" data-widget_type=\"hub_fancy_heading.default\">\n\t\t\t\t<div class=\"elementor-widget-container\">\n\t\t\t\t\t\n\t\t<div id=\"ld-fancy-heading-69decf6619d1a\" class=\"ld-fancy-heading pos-rel\">\n\t\t\t<h1 class=\"ld-fh-element d-inline-block pos-rel  elementor-heading-title lqd-highlight-classic lqd-highlight-grow-left h1\"  > KVKK Explicit Consent Text<\/h1>\t\t<\/div>\n\n\t\t\t\t\t\t<\/div>\n\t\t\t\t<\/div>\n\t\t\t\t\t<\/div>\n\t\t\t\t<\/div>\n\t\t<div class=\"elementor-element elementor-element-48326982 e-flex e-con-boxed e-con e-parent\" data-id=\"48326982\" data-element_type=\"container\">\n\t\t\t\t\t<div class=\"e-con-inner\">\n\t\t\t\t<div class=\"elementor-element elementor-element-1a4322e9 elementor-widget elementor-widget-text-editor\" data-id=\"1a4322e9\" data-element_type=\"widget\" data-widget_type=\"text-editor.default\">\n\t\t\t\t<div class=\"elementor-widget-container\">\n\t\t\t\t\t\t\t\t\t\n<p><strong>EXPLICIT CONSENT TEXT ON PROCESSING OF PERSONAL DATA<\/strong><\/p>\n\n\n\n<p>We will process the personal data you have shared with us to get to know you better and to offer you special opportunities regarding MOOBLE HOUSE. We would like to point out that you do not have to share your personal data in this context with us.<\/p>\n\n\n\n<p>If you would like to give your consent so that we can process your personal data within the scope specified below, you can tick the box.<\/p>\n\n\n\n<p><strong>\u2013 Personal Data Requested to be Processed:<\/strong>&nbsp;Your preferences, likes, usage habits and areas of interest regarding our products\/services; customer transaction information you provide within the scope of our relationship with you; your identity and contact information you provide during purchased products, services or in our surveys and campaigns, your professional knowledge, educational status, marketing information, and other data obtained as a result of the analysis of your personal data provided to us.<\/p>\n\n\n\n<p><strong>\u2013 Purposes of Data Processing:&nbsp;<\/strong>To customize, improve and develop your experience with our products\/services; to conduct profiling, segmentation and marketing analysis processes; to understand our customers&#039; needs, preferences and interests; to offer products\/services that are in line with our customers&#039; needs, preferences and interests; to measure the effectiveness of our marketing activities and to determine our marketing strategies.<\/p>\n\n\n\n<p><strong>\u2013 Parties to whom the data will be transferred within the scope of the activity:&nbsp;<\/strong>Suppliers, business partners, group companies, shareholders, affiliates, judicial and administrative authorities, manufacturers, suppliers, business\/solution partners, cargo companies, service providers from whom we receive support and services in order to achieve the same purposes above.<\/p>\n\n\n\n<p>VLM 4 BUILDING SYSTEMS INVESTMENT INC.<\/p>\n\n\n\n<p>Mersis No. 0925-0718-1480-0001<\/p>\n\t\t\t\t\t\t\t\t<\/div>\n\t\t\t\t<\/div>\n\t\t\t\t\t<\/div>\n\t\t\t\t<\/div>\n\t\t\t\t<\/div>","protected":false},"excerpt":{"rendered":"<p>KVKK A\u00e7\u0131k R\u0131za Metni K\u0130\u015e\u0130SEL VER\u0130LER\u0130N \u0130\u015eLENMES\u0130 HAKKINDA A\u00c7IK RIZA METN\u0130 Bizimle payla\u015fm\u0131\u015f oldu\u011funuz ki\u015fisel verilerinizi, sizi daha iyi tan\u0131yabilmek ve MOOBLE HOUSE ile ilgili size \u00f6zel f\u0131rsatlar sunmak i\u00e7in i\u015fliyor olaca\u011f\u0131z. Bizimle bu kapsamdaki ki\u015fisel verilerinizi payla\u015fmak zorunda olmad\u0131\u011f\u0131n\u0131z\u0131n belirtmek isteriz. Ki\u015fisel verilerinizi a\u015fa\u011f\u0131da belirtilen kapsamda i\u015fleyebilmemiz i\u00e7in r\u0131za vermek isterseniz kutucu\u011fu i\u015faretleyebilirsiniz. \u2013 [&hellip;]<\/p>","protected":false},"author":1,"featured_media":0,"parent":0,"menu_order":0,"comment_status":"closed","ping_status":"closed","template":"","meta":{"footnotes":""},"class_list":["post-8666","page","type-page","status-publish","hentry"],"_links":{"self":[{"href":"https:\/\/homeramodular.com\/en\/wp-json\/wp\/v2\/pages\/8666","targetHints":{"allow":["GET"]}}],"collection":[{"href":"https:\/\/homeramodular.com\/en\/wp-json\/wp\/v2\/pages"}],"about":[{"href":"https:\/\/homeramodular.com\/en\/wp-json\/wp\/v2\/types\/page"}],"author":[{"embeddable":true,"href":"https:\/\/homeramodular.com\/en\/wp-json\/wp\/v2\/users\/1"}],"replies":[{"embeddable":true,"href":"https:\/\/homeramodular.com\/en\/wp-json\/wp\/v2\/comments?post=8666"}],"version-history":[{"count":4,"href":"https:\/\/homeramodular.com\/en\/wp-json\/wp\/v2\/pages\/8666\/revisions"}],"predecessor-version":[{"id":9593,"href":"https:\/\/homeramodular.com\/en\/wp-json\/wp\/v2\/pages\/8666\/revisions\/9593"}],"wp:attachment":[{"href":"https:\/\/homeramodular.com\/en\/wp-json\/wp\/v2\/media?parent=8666"}],"curies":[{"name":"wp","href":"https:\/\/api.w.org\/{rel}","templated":true}]}}